{"id":2043,"date":"2021-05-28T07:16:35","date_gmt":"2021-05-28T07:16:35","guid":{"rendered":"https:\/\/jesusestalaporte.fr\/?page_id=2043"},"modified":"2024-05-02T13:34:38","modified_gmt":"2024-05-02T13:34:38","slug":"temoignages","status":"publish","type":"page","link":"https:\/\/jesusestalaporte.fr\/index.php\/temoignages\/","title":{"rendered":"T\u00e9moignages"},"content":{"rendered":"\n<hr class=\"wp-block-separator has-css-opacity\"\/>\n\n\n\n<hr class=\"wp-block-separator has-css-opacity\"\/>\n\n\n\n<div class=\"wp-block-file\"><a id=\"wp-block-file--media-95a011ba-6fb8-4bb7-a567-7fd999e51e15\" href=\"https:\/\/jesusestalaporte.fr\/wp-content\/uploads\/2021\/06\/mon-temoignage.html\">Albert P               <\/a><a href=\"https:\/\/jesusestalaporte.fr\/wp-content\/uploads\/2021\/06\/mon-temoignage.html\" class=\"wp-block-file__button wp-element-button\" download aria-describedby=\"wp-block-file--media-95a011ba-6fb8-4bb7-a567-7fd999e51e15\">T\u00e9l\u00e9charger<\/a><\/div>\n\n\n\n<div class=\"wp-block-file\"><a id=\"wp-block-file--media-6c409727-408e-4e06-9198-8e6b74251900\" href=\"https:\/\/jesusestalaporte.fr\/wp-content\/uploads\/2021\/06\/Brigitte-Maro.html\">Brigitte-Maroselli <\/a><a href=\"https:\/\/jesusestalaporte.fr\/wp-content\/uploads\/2021\/06\/Brigitte-Maro.html\" class=\"wp-block-file__button wp-element-button\" download aria-describedby=\"wp-block-file--media-6c409727-408e-4e06-9198-8e6b74251900\">T\u00e9l\u00e9charger<\/a><\/div>\n\n\n\n<div class=\"wp-block-file\"><a id=\"wp-block-file--media-b32bddcf-516d-45c2-b983-81aa0e9d8bfb\" href=\"https:\/\/jesusestalaporte.fr\/wp-content\/uploads\/2021\/06\/Anne.html\">Anne                  <\/a><a href=\"https:\/\/jesusestalaporte.fr\/wp-content\/uploads\/2021\/06\/Anne.html\" class=\"wp-block-file__button wp-element-button\" download aria-describedby=\"wp-block-file--media-b32bddcf-516d-45c2-b983-81aa0e9d8bfb\">T\u00e9l\u00e9charger<\/a><\/div>\n\n\n\n<div class=\"wp-block-file\"><a id=\"wp-block-file--media-b8417d7f-b955-4d12-ba09-54676d9244cc\" href=\"https:\/\/jesusestalaporte.fr\/wp-content\/uploads\/2021\/06\/Bruno-html.html\">Bruno          &#8211;     <\/a><a href=\"https:\/\/jesusestalaporte.fr\/wp-content\/uploads\/2021\/06\/Bruno-html.html\" class=\"wp-block-file__button wp-element-button\" download aria-describedby=\"wp-block-file--media-b8417d7f-b955-4d12-ba09-54676d9244cc\">T\u00e9l\u00e9charger<\/a><\/div>\n\n\n\n<div class=\"wp-block-file\"><a id=\"wp-block-file--media-3d277589-f813-48a3-ba6d-ed352ec636d2\" href=\"https:\/\/jesusestalaporte.fr\/wp-content\/uploads\/2021\/06\/carmen.html\">Carmen              <\/a><a href=\"https:\/\/jesusestalaporte.fr\/wp-content\/uploads\/2021\/06\/carmen.html\" class=\"wp-block-file__button wp-element-button\" download aria-describedby=\"wp-block-file--media-3d277589-f813-48a3-ba6d-ed352ec636d2\">T\u00e9l\u00e9charger<\/a><\/div>\n\n\n\n<div class=\"wp-block-file\"><a id=\"wp-block-file--media-8c2c9cc6-b957-42c8-964a-fca53a79380b\" href=\"https:\/\/jesusestalaporte.fr\/wp-content\/uploads\/2021\/06\/Christine.html\">Christine             <\/a><a href=\"https:\/\/jesusestalaporte.fr\/wp-content\/uploads\/2021\/06\/Christine.html\" class=\"wp-block-file__button wp-element-button\" download aria-describedby=\"wp-block-file--media-8c2c9cc6-b957-42c8-964a-fca53a79380b\">T\u00e9l\u00e9charger<\/a><\/div>\n\n\n\n<div class=\"wp-block-file\"><a id=\"wp-block-file--media-ace73b94-306e-4482-ad86-80ecf51396b5\" href=\"https:\/\/jesusestalaporte.fr\/wp-content\/uploads\/2021\/06\/Marinette-Muller.html\">Marinette-Muller<\/a><a href=\"https:\/\/jesusestalaporte.fr\/wp-content\/uploads\/2021\/06\/Marinette-Muller.html\" class=\"wp-block-file__button wp-element-button\" download aria-describedby=\"wp-block-file--media-ace73b94-306e-4482-ad86-80ecf51396b5\">T\u00e9l\u00e9charger<\/a><\/div>\n\n\n\n<div class=\"wp-block-file\"><a id=\"wp-block-file--media-0a8834a3-876c-4132-bd7b-040069d40308\" href=\"https:\/\/jesusestalaporte.fr\/wp-content\/uploads\/2021\/06\/Michele-rougier.html\">Mich\u00e8le-rougier <\/a><a href=\"https:\/\/jesusestalaporte.fr\/wp-content\/uploads\/2021\/06\/Michele-rougier.html\" class=\"wp-block-file__button wp-element-button\" download aria-describedby=\"wp-block-file--media-0a8834a3-876c-4132-bd7b-040069d40308\">T\u00e9l\u00e9charger<\/a><\/div>\n\n\n\n<div class=\"wp-block-file\"><a id=\"wp-block-file--media-2a04b5f5-fe60-4918-b8d8-d39cde3345b4\" href=\"https:\/\/jesusestalaporte.fr\/wp-content\/uploads\/2021\/06\/Nic-vujicik.html\">Nic-vujicik         <\/a><a href=\"https:\/\/jesusestalaporte.fr\/wp-content\/uploads\/2021\/06\/Nic-vujicik.html\" class=\"wp-block-file__button wp-element-button\" download aria-describedby=\"wp-block-file--media-2a04b5f5-fe60-4918-b8d8-d39cde3345b4\">T\u00e9l\u00e9charger<\/a><\/div>\n\n\n\n<div class=\"wp-block-file\"><a id=\"wp-block-file--media-f5870817-c377-4e80-99b1-147546c293f1\" href=\"https:\/\/jesusestalaporte.fr\/wp-content\/uploads\/2021\/06\/Priscille.html\">Priscille             <\/a><a href=\"https:\/\/jesusestalaporte.fr\/wp-content\/uploads\/2021\/06\/Priscille.html\" class=\"wp-block-file__button wp-element-button\" download aria-describedby=\"wp-block-file--media-f5870817-c377-4e80-99b1-147546c293f1\">T\u00e9l\u00e9charger<\/a><\/div>\n\n\n\n<p><\/p>\n\n<head><!-- Google tag (gtag.js) -->\n<script async src=\"https:\/\/www.googletagmanager.com\/gtag\/js?id=G-GNZ7CMNPZT\"><\/script>\n<script>\n  window.dataLayer = window.dataLayer || [];\n  function gtag(){dataLayer.push(arguments);}\n  gtag('js', new Date());\n\n  gtag('config', 'G-GNZ7CMNPZT');\n<\/script>","protected":false},"excerpt":{"rendered":"","protected":false},"author":1,"featured_media":0,"parent":0,"menu_order":0,"comment_status":"closed","ping_status":"closed","template":"","meta":{"footnotes":""},"class_list":["post-2043","page","type-page","status-publish","hentry"],"yoast_head":"<!-- This site is optimized with the Yoast SEO plugin v22.0 - https:\/\/yoast.com\/wordpress\/plugins\/seo\/ -->\n<title>T\u00e9moignages - J\u00e9sus est \u00e0 la porte<\/title>\n<meta name=\"robots\" content=\"index, follow, max-snippet:-1, max-image-preview:large, max-video-preview:-1\" \/>\n<link rel=\"canonical\" href=\"https:\/\/jesusestalaporte.fr\/index.php\/temoignages\/\" \/>\n<meta property=\"og:locale\" content=\"fr_FR\" \/>\n<meta property=\"og:type\" content=\"article\" \/>\n<meta property=\"og:title\" content=\"T\u00e9moignages - J\u00e9sus est \u00e0 la porte\" \/>\n<meta property=\"og:url\" content=\"https:\/\/jesusestalaporte.fr\/index.php\/temoignages\/\" \/>\n<meta property=\"og:site_name\" content=\"J\u00e9sus est \u00e0 la porte\" \/>\n<meta property=\"article:modified_time\" content=\"2024-05-02T13:34:38+00:00\" \/>\n<meta name=\"twitter:card\" content=\"summary_large_image\" \/>\n<meta name=\"twitter:label1\" content=\"Dur\u00e9e de lecture estim\u00e9e\" \/>\n\t<meta name=\"twitter:data1\" content=\"1 minute\" \/>\n<script type=\"application\/ld+json\" class=\"yoast-schema-graph\">{\"@context\":\"https:\/\/schema.org\",\"@graph\":[{\"@type\":\"WebPage\",\"@id\":\"https:\/\/jesusestalaporte.fr\/index.php\/temoignages\/\",\"url\":\"https:\/\/jesusestalaporte.fr\/index.php\/temoignages\/\",\"name\":\"T\u00e9moignages - J\u00e9sus est \u00e0 la porte\",\"isPartOf\":{\"@id\":\"https:\/\/jesusestalaporte.fr\/#website\"},\"datePublished\":\"2021-05-28T07:16:35+00:00\",\"dateModified\":\"2024-05-02T13:34:38+00:00\",\"breadcrumb\":{\"@id\":\"https:\/\/jesusestalaporte.fr\/index.php\/temoignages\/#breadcrumb\"},\"inLanguage\":\"fr-FR\",\"potentialAction\":[{\"@type\":\"ReadAction\",\"target\":[\"https:\/\/jesusestalaporte.fr\/index.php\/temoignages\/\"]}]},{\"@type\":\"BreadcrumbList\",\"@id\":\"https:\/\/jesusestalaporte.fr\/index.php\/temoignages\/#breadcrumb\",\"itemListElement\":[{\"@type\":\"ListItem\",\"position\":1,\"name\":\"Accueil\",\"item\":\"https:\/\/jesusestalaporte.fr\/\"},{\"@type\":\"ListItem\",\"position\":2,\"name\":\"T\u00e9moignages\"}]},{\"@type\":\"WebSite\",\"@id\":\"https:\/\/jesusestalaporte.fr\/#website\",\"url\":\"https:\/\/jesusestalaporte.fr\/\",\"name\":\"J\u00e9sus est \u00e0 la porte\",\"description\":\"Le chemin La v\u00e9rit\u00e9 La vie\",\"potentialAction\":[{\"@type\":\"SearchAction\",\"target\":{\"@type\":\"EntryPoint\",\"urlTemplate\":\"https:\/\/jesusestalaporte.fr\/?s={search_term_string}\"},\"query-input\":\"required name=search_term_string\"}],\"inLanguage\":\"fr-FR\"}]}<\/script>\n<!-- \/ Yoast SEO plugin. -->","yoast_head_json":{"title":"T\u00e9moignages - J\u00e9sus est \u00e0 la porte","robots":{"index":"index","follow":"follow","max-snippet":"max-snippet:-1","max-image-preview":"max-image-preview:large","max-video-preview":"max-video-preview:-1"},"canonical":"https:\/\/jesusestalaporte.fr\/index.php\/temoignages\/","og_locale":"fr_FR","og_type":"article","og_title":"T\u00e9moignages - J\u00e9sus est \u00e0 la porte","og_url":"https:\/\/jesusestalaporte.fr\/index.php\/temoignages\/","og_site_name":"J\u00e9sus est \u00e0 la porte","article_modified_time":"2024-05-02T13:34:38+00:00","twitter_card":"summary_large_image","twitter_misc":{"Dur\u00e9e de lecture estim\u00e9e":"1 minute"},"schema":{"@context":"https:\/\/schema.org","@graph":[{"@type":"WebPage","@id":"https:\/\/jesusestalaporte.fr\/index.php\/temoignages\/","url":"https:\/\/jesusestalaporte.fr\/index.php\/temoignages\/","name":"T\u00e9moignages - J\u00e9sus est \u00e0 la porte","isPartOf":{"@id":"https:\/\/jesusestalaporte.fr\/#website"},"datePublished":"2021-05-28T07:16:35+00:00","dateModified":"2024-05-02T13:34:38+00:00","breadcrumb":{"@id":"https:\/\/jesusestalaporte.fr\/index.php\/temoignages\/#breadcrumb"},"inLanguage":"fr-FR","potentialAction":[{"@type":"ReadAction","target":["https:\/\/jesusestalaporte.fr\/index.php\/temoignages\/"]}]},{"@type":"BreadcrumbList","@id":"https:\/\/jesusestalaporte.fr\/index.php\/temoignages\/#breadcrumb","itemListElement":[{"@type":"ListItem","position":1,"name":"Accueil","item":"https:\/\/jesusestalaporte.fr\/"},{"@type":"ListItem","position":2,"name":"T\u00e9moignages"}]},{"@type":"WebSite","@id":"https:\/\/jesusestalaporte.fr\/#website","url":"https:\/\/jesusestalaporte.fr\/","name":"J\u00e9sus est \u00e0 la porte","description":"Le chemin La v\u00e9rit\u00e9 La vie","potentialAction":[{"@type":"SearchAction","target":{"@type":"EntryPoint","urlTemplate":"https:\/\/jesusestalaporte.fr\/?s={search_term_string}"},"query-input":"required name=search_term_string"}],"inLanguage":"fr-FR"}]}},"_links":{"self":[{"href":"https:\/\/jesusestalaporte.fr\/index.php\/wp-json\/wp\/v2\/pages\/2043","targetHints":{"allow":["GET"]}}],"collection":[{"href":"https:\/\/jesusestalaporte.fr\/index.php\/wp-json\/wp\/v2\/pages"}],"about":[{"href":"https:\/\/jesusestalaporte.fr\/index.php\/wp-json\/wp\/v2\/types\/page"}],"author":[{"embeddable":true,"href":"https:\/\/jesusestalaporte.fr\/index.php\/wp-json\/wp\/v2\/users\/1"}],"replies":[{"embeddable":true,"href":"https:\/\/jesusestalaporte.fr\/index.php\/wp-json\/wp\/v2\/comments?post=2043"}],"version-history":[{"count":15,"href":"https:\/\/jesusestalaporte.fr\/index.php\/wp-json\/wp\/v2\/pages\/2043\/revisions"}],"predecessor-version":[{"id":5159,"href":"https:\/\/jesusestalaporte.fr\/index.php\/wp-json\/wp\/v2\/pages\/2043\/revisions\/5159"}],"wp:attachment":[{"href":"https:\/\/jesusestalaporte.fr\/index.php\/wp-json\/wp\/v2\/media?parent=2043"}],"curies":[{"name":"wp","href":"https:\/\/api.w.org\/{rel}","templated":true}]}}