{"id":2100,"date":"2021-05-28T08:03:16","date_gmt":"2021-05-28T08:03:16","guid":{"rendered":"https:\/\/jesusestalaporte.fr\/?page_id=2100"},"modified":"2024-05-02T13:18:33","modified_gmt":"2024-05-02T13:18:33","slug":"le-cours-des-temps","status":"publish","type":"page","link":"https:\/\/jesusestalaporte.fr\/index.php\/le-cours-des-temps\/","title":{"rendered":"Le cours des temps"},"content":{"rendered":"\n<p><\/p>\n\n\n\n<p><\/p>\n\n\n\n<h2 class=\"wp-block-heading\">LE COURS DES TEMPS DEPUIS LA CR\u00c9ATION<\/h2>\n\n\n\n<h2 class=\"wp-block-heading\">AUX NOUVEAUX CIEUX ET LA NOUVELLE TERRE<\/h2>\n\n\n\n<figure class=\"wp-block-image size-large\"><img decoding=\"async\" width=\"1024\" height=\"711\" src=\"https:\/\/jesusestalaporte.fr\/wp-content\/uploads\/2021\/06\/albert1lecoursdutemps-htm-1024x711.jpg\" alt=\"\" class=\"wp-image-2205\" srcset=\"https:\/\/jesusestalaporte.fr\/wp-content\/uploads\/2021\/06\/albert1lecoursdutemps-htm-1024x711.jpg 1024w, https:\/\/jesusestalaporte.fr\/wp-content\/uploads\/2021\/06\/albert1lecoursdutemps-htm-300x208.jpg 300w, https:\/\/jesusestalaporte.fr\/wp-content\/uploads\/2021\/06\/albert1lecoursdutemps-htm-768x533.jpg 768w, https:\/\/jesusestalaporte.fr\/wp-content\/uploads\/2021\/06\/albert1lecoursdutemps-htm-1536x1066.jpg 1536w, https:\/\/jesusestalaporte.fr\/wp-content\/uploads\/2021\/06\/albert1lecoursdutemps-htm-958x665.jpg 958w, https:\/\/jesusestalaporte.fr\/wp-content\/uploads\/2021\/06\/albert1lecoursdutemps-htm.jpg 1706w\" sizes=\"(max-width: 1024px) 100vw, 1024px\" \/><\/figure>\n\n\n\n<figure class=\"wp-block-image size-large\"><img decoding=\"async\" width=\"1024\" height=\"701\" src=\"https:\/\/jesusestalaporte.fr\/wp-content\/uploads\/2021\/06\/albert2lecoursdutemps-1024x701.jpg\" alt=\"\" class=\"wp-image-2206\" srcset=\"https:\/\/jesusestalaporte.fr\/wp-content\/uploads\/2021\/06\/albert2lecoursdutemps-1024x701.jpg 1024w, https:\/\/jesusestalaporte.fr\/wp-content\/uploads\/2021\/06\/albert2lecoursdutemps-300x206.jpg 300w, https:\/\/jesusestalaporte.fr\/wp-content\/uploads\/2021\/06\/albert2lecoursdutemps-768x526.jpg 768w, https:\/\/jesusestalaporte.fr\/wp-content\/uploads\/2021\/06\/albert2lecoursdutemps-1536x1052.jpg 1536w, https:\/\/jesusestalaporte.fr\/wp-content\/uploads\/2021\/06\/albert2lecoursdutemps-958x656.jpg 958w, https:\/\/jesusestalaporte.fr\/wp-content\/uploads\/2021\/06\/albert2lecoursdutemps.jpg 1705w\" sizes=\"(max-width: 1024px) 100vw, 1024px\" \/><\/figure>\n\n\n\n<figure class=\"wp-block-image size-large\"><img decoding=\"async\" width=\"1024\" height=\"678\" src=\"https:\/\/jesusestalaporte.fr\/wp-content\/uploads\/2021\/06\/albert3lecoursdutemps-1024x678.jpg\" alt=\"\" class=\"wp-image-2207\" srcset=\"https:\/\/jesusestalaporte.fr\/wp-content\/uploads\/2021\/06\/albert3lecoursdutemps-1024x678.jpg 1024w, https:\/\/jesusestalaporte.fr\/wp-content\/uploads\/2021\/06\/albert3lecoursdutemps-300x199.jpg 300w, https:\/\/jesusestalaporte.fr\/wp-content\/uploads\/2021\/06\/albert3lecoursdutemps-768x509.jpg 768w, https:\/\/jesusestalaporte.fr\/wp-content\/uploads\/2021\/06\/albert3lecoursdutemps-1536x1017.jpg 1536w, https:\/\/jesusestalaporte.fr\/wp-content\/uploads\/2021\/06\/albert3lecoursdutemps-958x635.jpg 958w, https:\/\/jesusestalaporte.fr\/wp-content\/uploads\/2021\/06\/albert3lecoursdutemps.jpg 1700w\" sizes=\"(max-width: 1024px) 100vw, 1024px\" \/><\/figure>\n\n\n\n<h2 class=\"wp-block-heading\">L&rsquo;HEURE DU JUGEMENT<\/h2>\n\n\n\n<p>OU LA 70 i\u00e8me SEMAINE DE DANIEL<\/p>\n\n\n\n<figure class=\"wp-block-image size-large\"><img decoding=\"async\" width=\"1024\" height=\"726\" src=\"https:\/\/jesusestalaporte.fr\/wp-content\/uploads\/2021\/06\/lheure-du-jugement-1024x726.jpg\" alt=\"\" class=\"wp-image-2208\" srcset=\"https:\/\/jesusestalaporte.fr\/wp-content\/uploads\/2021\/06\/lheure-du-jugement-1024x726.jpg 1024w, https:\/\/jesusestalaporte.fr\/wp-content\/uploads\/2021\/06\/lheure-du-jugement-300x213.jpg 300w, https:\/\/jesusestalaporte.fr\/wp-content\/uploads\/2021\/06\/lheure-du-jugement-768x545.jpg 768w, https:\/\/jesusestalaporte.fr\/wp-content\/uploads\/2021\/06\/lheure-du-jugement-958x680.jpg 958w, https:\/\/jesusestalaporte.fr\/wp-content\/uploads\/2021\/06\/lheure-du-jugement.jpg 1483w\" sizes=\"(max-width: 1024px) 100vw, 1024px\" \/><\/figure>\n\n\n\n<figure class=\"wp-block-image size-large is-resized\"><img decoding=\"async\" src=\"https:\/\/jesusestalaporte.fr\/wp-content\/uploads\/2021\/06\/060ed8b3a10963eb1849361d1098dde7-0-724x1024.jpg\" alt=\"\" class=\"wp-image-2212\" width=\"803\" height=\"1136\" srcset=\"https:\/\/jesusestalaporte.fr\/wp-content\/uploads\/2021\/06\/060ed8b3a10963eb1849361d1098dde7-0-724x1024.jpg 724w, https:\/\/jesusestalaporte.fr\/wp-content\/uploads\/2021\/06\/060ed8b3a10963eb1849361d1098dde7-0-212x300.jpg 212w, https:\/\/jesusestalaporte.fr\/wp-content\/uploads\/2021\/06\/060ed8b3a10963eb1849361d1098dde7-0-768x1086.jpg 768w, https:\/\/jesusestalaporte.fr\/wp-content\/uploads\/2021\/06\/060ed8b3a10963eb1849361d1098dde7-0-1086x1536.jpg 1086w, https:\/\/jesusestalaporte.fr\/wp-content\/uploads\/2021\/06\/060ed8b3a10963eb1849361d1098dde7-0-1448x2048.jpg 1448w, https:\/\/jesusestalaporte.fr\/wp-content\/uploads\/2021\/06\/060ed8b3a10963eb1849361d1098dde7-0-958x1355.jpg 958w, https:\/\/jesusestalaporte.fr\/wp-content\/uploads\/2021\/06\/060ed8b3a10963eb1849361d1098dde7-0-300x424.jpg 300w, https:\/\/jesusestalaporte.fr\/wp-content\/uploads\/2021\/06\/060ed8b3a10963eb1849361d1098dde7-0.jpg 1654w\" sizes=\"(max-width: 803px) 100vw, 803px\" \/><\/figure>\n\n\n\n<figure class=\"wp-block-image size-large is-resized\"><img decoding=\"async\" src=\"https:\/\/jesusestalaporte.fr\/wp-content\/uploads\/2021\/06\/060ed8b3a10963eb1849361d1098dde7-1-724x1024.jpg\" alt=\"\" class=\"wp-image-2213\" width=\"868\" height=\"1227\" srcset=\"https:\/\/jesusestalaporte.fr\/wp-content\/uploads\/2021\/06\/060ed8b3a10963eb1849361d1098dde7-1-724x1024.jpg 724w, https:\/\/jesusestalaporte.fr\/wp-content\/uploads\/2021\/06\/060ed8b3a10963eb1849361d1098dde7-1-212x300.jpg 212w, https:\/\/jesusestalaporte.fr\/wp-content\/uploads\/2021\/06\/060ed8b3a10963eb1849361d1098dde7-1-768x1086.jpg 768w, https:\/\/jesusestalaporte.fr\/wp-content\/uploads\/2021\/06\/060ed8b3a10963eb1849361d1098dde7-1-1086x1536.jpg 1086w, https:\/\/jesusestalaporte.fr\/wp-content\/uploads\/2021\/06\/060ed8b3a10963eb1849361d1098dde7-1-1448x2048.jpg 1448w, https:\/\/jesusestalaporte.fr\/wp-content\/uploads\/2021\/06\/060ed8b3a10963eb1849361d1098dde7-1-958x1355.jpg 958w, https:\/\/jesusestalaporte.fr\/wp-content\/uploads\/2021\/06\/060ed8b3a10963eb1849361d1098dde7-1-300x424.jpg 300w, https:\/\/jesusestalaporte.fr\/wp-content\/uploads\/2021\/06\/060ed8b3a10963eb1849361d1098dde7-1.jpg 1654w\" sizes=\"(max-width: 868px) 100vw, 868px\" \/><\/figure>\n\n<head><!-- Google tag (gtag.js) -->\n<script async src=\"https:\/\/www.googletagmanager.com\/gtag\/js?id=G-GNZ7CMNPZT\"><\/script>\n<script>\n  window.dataLayer = window.dataLayer || [];\n  function gtag(){dataLayer.push(arguments);}\n  gtag('js', new Date());\n\n  gtag('config', 'G-GNZ7CMNPZT');\n<\/script>","protected":false},"excerpt":{"rendered":"<p>LE COURS DES TEMPS DEPUIS LA CR\u00c9ATION AUX NOUVEAUX CIEUX ET LA NOUVELLE TERRE L&rsquo;HEURE DU JUGEMENT OU LA 70 i\u00e8me SEMAINE DE DANIEL<\/p>\n","protected":false},"author":1,"featured_media":0,"parent":0,"menu_order":0,"comment_status":"closed","ping_status":"closed","template":"","meta":{"footnotes":""},"class_list":["post-2100","page","type-page","status-publish","hentry"],"yoast_head":"<!-- This site is optimized with the Yoast SEO plugin v22.0 - https:\/\/yoast.com\/wordpress\/plugins\/seo\/ -->\n<title>Le cours des temps - J\u00e9sus est \u00e0 la porte<\/title>\n<meta name=\"robots\" content=\"index, follow, max-snippet:-1, max-image-preview:large, max-video-preview:-1\" \/>\n<link rel=\"canonical\" href=\"https:\/\/jesusestalaporte.fr\/index.php\/le-cours-des-temps\/\" \/>\n<meta property=\"og:locale\" content=\"fr_FR\" \/>\n<meta property=\"og:type\" content=\"article\" \/>\n<meta property=\"og:title\" content=\"Le cours des temps - J\u00e9sus est \u00e0 la porte\" \/>\n<meta property=\"og:description\" content=\"LE COURS DES TEMPS DEPUIS LA CR\u00c9ATION AUX NOUVEAUX CIEUX ET LA NOUVELLE TERRE L&rsquo;HEURE DU JUGEMENT OU LA 70 i\u00e8me SEMAINE DE DANIEL\" \/>\n<meta property=\"og:url\" content=\"https:\/\/jesusestalaporte.fr\/index.php\/le-cours-des-temps\/\" \/>\n<meta property=\"og:site_name\" content=\"J\u00e9sus est \u00e0 la porte\" \/>\n<meta property=\"article:modified_time\" content=\"2024-05-02T13:18:33+00:00\" \/>\n<meta property=\"og:image\" content=\"https:\/\/jesusestalaporte.fr\/wp-content\/uploads\/2021\/06\/albert1lecoursdutemps-htm-1024x711.jpg\" \/>\n<meta name=\"twitter:card\" content=\"summary_large_image\" \/>\n<meta name=\"twitter:label1\" content=\"Dur\u00e9e de lecture estim\u00e9e\" \/>\n\t<meta name=\"twitter:data1\" content=\"2 minutes\" \/>\n<script type=\"application\/ld+json\" class=\"yoast-schema-graph\">{\"@context\":\"https:\/\/schema.org\",\"@graph\":[{\"@type\":\"WebPage\",\"@id\":\"https:\/\/jesusestalaporte.fr\/index.php\/le-cours-des-temps\/\",\"url\":\"https:\/\/jesusestalaporte.fr\/index.php\/le-cours-des-temps\/\",\"name\":\"Le cours des temps - J\u00e9sus est \u00e0 la porte\",\"isPartOf\":{\"@id\":\"https:\/\/jesusestalaporte.fr\/#website\"},\"datePublished\":\"2021-05-28T08:03:16+00:00\",\"dateModified\":\"2024-05-02T13:18:33+00:00\",\"breadcrumb\":{\"@id\":\"https:\/\/jesusestalaporte.fr\/index.php\/le-cours-des-temps\/#breadcrumb\"},\"inLanguage\":\"fr-FR\",\"potentialAction\":[{\"@type\":\"ReadAction\",\"target\":[\"https:\/\/jesusestalaporte.fr\/index.php\/le-cours-des-temps\/\"]}]},{\"@type\":\"BreadcrumbList\",\"@id\":\"https:\/\/jesusestalaporte.fr\/index.php\/le-cours-des-temps\/#breadcrumb\",\"itemListElement\":[{\"@type\":\"ListItem\",\"position\":1,\"name\":\"Accueil\",\"item\":\"https:\/\/jesusestalaporte.fr\/\"},{\"@type\":\"ListItem\",\"position\":2,\"name\":\"Le cours des temps\"}]},{\"@type\":\"WebSite\",\"@id\":\"https:\/\/jesusestalaporte.fr\/#website\",\"url\":\"https:\/\/jesusestalaporte.fr\/\",\"name\":\"J\u00e9sus est \u00e0 la porte\",\"description\":\"Le chemin La v\u00e9rit\u00e9 La vie\",\"potentialAction\":[{\"@type\":\"SearchAction\",\"target\":{\"@type\":\"EntryPoint\",\"urlTemplate\":\"https:\/\/jesusestalaporte.fr\/?s={search_term_string}\"},\"query-input\":\"required name=search_term_string\"}],\"inLanguage\":\"fr-FR\"}]}<\/script>\n<!-- \/ Yoast SEO plugin. -->","yoast_head_json":{"title":"Le cours des temps - J\u00e9sus est \u00e0 la porte","robots":{"index":"index","follow":"follow","max-snippet":"max-snippet:-1","max-image-preview":"max-image-preview:large","max-video-preview":"max-video-preview:-1"},"canonical":"https:\/\/jesusestalaporte.fr\/index.php\/le-cours-des-temps\/","og_locale":"fr_FR","og_type":"article","og_title":"Le cours des temps - J\u00e9sus est \u00e0 la porte","og_description":"LE COURS DES TEMPS DEPUIS LA CR\u00c9ATION AUX NOUVEAUX CIEUX ET LA NOUVELLE TERRE L&rsquo;HEURE DU JUGEMENT OU LA 70 i\u00e8me SEMAINE DE DANIEL","og_url":"https:\/\/jesusestalaporte.fr\/index.php\/le-cours-des-temps\/","og_site_name":"J\u00e9sus est \u00e0 la porte","article_modified_time":"2024-05-02T13:18:33+00:00","og_image":[{"url":"https:\/\/jesusestalaporte.fr\/wp-content\/uploads\/2021\/06\/albert1lecoursdutemps-htm-1024x711.jpg"}],"twitter_card":"summary_large_image","twitter_misc":{"Dur\u00e9e de lecture estim\u00e9e":"2 minutes"},"schema":{"@context":"https:\/\/schema.org","@graph":[{"@type":"WebPage","@id":"https:\/\/jesusestalaporte.fr\/index.php\/le-cours-des-temps\/","url":"https:\/\/jesusestalaporte.fr\/index.php\/le-cours-des-temps\/","name":"Le cours des temps - J\u00e9sus est \u00e0 la porte","isPartOf":{"@id":"https:\/\/jesusestalaporte.fr\/#website"},"datePublished":"2021-05-28T08:03:16+00:00","dateModified":"2024-05-02T13:18:33+00:00","breadcrumb":{"@id":"https:\/\/jesusestalaporte.fr\/index.php\/le-cours-des-temps\/#breadcrumb"},"inLanguage":"fr-FR","potentialAction":[{"@type":"ReadAction","target":["https:\/\/jesusestalaporte.fr\/index.php\/le-cours-des-temps\/"]}]},{"@type":"BreadcrumbList","@id":"https:\/\/jesusestalaporte.fr\/index.php\/le-cours-des-temps\/#breadcrumb","itemListElement":[{"@type":"ListItem","position":1,"name":"Accueil","item":"https:\/\/jesusestalaporte.fr\/"},{"@type":"ListItem","position":2,"name":"Le cours des temps"}]},{"@type":"WebSite","@id":"https:\/\/jesusestalaporte.fr\/#website","url":"https:\/\/jesusestalaporte.fr\/","name":"J\u00e9sus est \u00e0 la porte","description":"Le chemin La v\u00e9rit\u00e9 La vie","potentialAction":[{"@type":"SearchAction","target":{"@type":"EntryPoint","urlTemplate":"https:\/\/jesusestalaporte.fr\/?s={search_term_string}"},"query-input":"required name=search_term_string"}],"inLanguage":"fr-FR"}]}},"_links":{"self":[{"href":"https:\/\/jesusestalaporte.fr\/index.php\/wp-json\/wp\/v2\/pages\/2100","targetHints":{"allow":["GET"]}}],"collection":[{"href":"https:\/\/jesusestalaporte.fr\/index.php\/wp-json\/wp\/v2\/pages"}],"about":[{"href":"https:\/\/jesusestalaporte.fr\/index.php\/wp-json\/wp\/v2\/types\/page"}],"author":[{"embeddable":true,"href":"https:\/\/jesusestalaporte.fr\/index.php\/wp-json\/wp\/v2\/users\/1"}],"replies":[{"embeddable":true,"href":"https:\/\/jesusestalaporte.fr\/index.php\/wp-json\/wp\/v2\/comments?post=2100"}],"version-history":[{"count":6,"href":"https:\/\/jesusestalaporte.fr\/index.php\/wp-json\/wp\/v2\/pages\/2100\/revisions"}],"predecessor-version":[{"id":5150,"href":"https:\/\/jesusestalaporte.fr\/index.php\/wp-json\/wp\/v2\/pages\/2100\/revisions\/5150"}],"wp:attachment":[{"href":"https:\/\/jesusestalaporte.fr\/index.php\/wp-json\/wp\/v2\/media?parent=2100"}],"curies":[{"name":"wp","href":"https:\/\/api.w.org\/{rel}","templated":true}]}}