{"id":2103,"date":"2021-05-28T08:04:55","date_gmt":"2021-05-28T08:04:55","guid":{"rendered":"https:\/\/jesusestalaporte.fr\/?page_id=2103"},"modified":"2024-05-02T13:25:20","modified_gmt":"2024-05-02T13:25:20","slug":"ressources","status":"publish","type":"page","link":"https:\/\/jesusestalaporte.fr\/index.php\/ressources\/","title":{"rendered":"Ressources"},"content":{"rendered":"\n<p>texte exemple texte exemple texte exemple texte exemple texte exemple texte exemple texte exemple texte exemple texte exemple texte exemple texte exemple texte exemple texte exemple texte exemple texte exemple texte exemple texte exemple texte exemple texte exemple texte exemple texte exemple texte exemple texte exemple texte exemple texte exemple texte exemple texte exemple texte exemple texte exemple<\/p>\n\n<head><!-- Google tag (gtag.js) -->\n<script async src=\"https:\/\/www.googletagmanager.com\/gtag\/js?id=G-GNZ7CMNPZT\"><\/script>\n<script>\n  window.dataLayer = window.dataLayer || [];\n  function gtag(){dataLayer.push(arguments);}\n  gtag('js', new Date());\n\n  gtag('config', 'G-GNZ7CMNPZT');\n<\/script>","protected":false},"excerpt":{"rendered":"<p>texte exemple texte exemple texte exemple texte exemple texte exemple texte exemple texte exemple texte exemple texte exemple texte exemple texte exemple texte exemple texte exemple texte exemple texte exemple texte exemple texte exemple texte exemple texte exemple texte exemple texte exemple texte exemple texte exemple texte exemple texte exemple texte exemple texte exemple texte [&hellip;]<\/p>\n","protected":false},"author":1,"featured_media":0,"parent":0,"menu_order":0,"comment_status":"closed","ping_status":"closed","template":"","meta":{"footnotes":""},"class_list":["post-2103","page","type-page","status-publish","hentry"],"yoast_head":"<!-- This site is optimized with the Yoast SEO plugin v22.0 - https:\/\/yoast.com\/wordpress\/plugins\/seo\/ -->\n<title>Ressources - J\u00e9sus est \u00e0 la porte<\/title>\n<meta name=\"robots\" content=\"index, follow, max-snippet:-1, max-image-preview:large, max-video-preview:-1\" \/>\n<link rel=\"canonical\" href=\"https:\/\/jesusestalaporte.fr\/index.php\/ressources\/\" \/>\n<meta property=\"og:locale\" content=\"fr_FR\" \/>\n<meta property=\"og:type\" content=\"article\" \/>\n<meta property=\"og:title\" content=\"Ressources - J\u00e9sus est \u00e0 la porte\" \/>\n<meta property=\"og:description\" content=\"texte exemple texte exemple texte exemple texte exemple texte exemple texte exemple texte exemple texte exemple texte exemple texte exemple texte exemple texte exemple texte exemple texte exemple texte exemple texte exemple texte exemple texte exemple texte exemple texte exemple texte exemple texte exemple texte exemple texte exemple texte exemple texte exemple texte exemple texte [&hellip;]\" \/>\n<meta property=\"og:url\" content=\"https:\/\/jesusestalaporte.fr\/index.php\/ressources\/\" \/>\n<meta property=\"og:site_name\" content=\"J\u00e9sus est \u00e0 la porte\" \/>\n<meta property=\"article:modified_time\" content=\"2024-05-02T13:25:20+00:00\" \/>\n<meta name=\"twitter:card\" content=\"summary_large_image\" \/>\n<meta name=\"twitter:label1\" content=\"Dur\u00e9e de lecture estim\u00e9e\" \/>\n\t<meta name=\"twitter:data1\" content=\"1 minute\" \/>\n<script type=\"application\/ld+json\" class=\"yoast-schema-graph\">{\"@context\":\"https:\/\/schema.org\",\"@graph\":[{\"@type\":\"WebPage\",\"@id\":\"https:\/\/jesusestalaporte.fr\/index.php\/ressources\/\",\"url\":\"https:\/\/jesusestalaporte.fr\/index.php\/ressources\/\",\"name\":\"Ressources - J\u00e9sus est \u00e0 la porte\",\"isPartOf\":{\"@id\":\"https:\/\/jesusestalaporte.fr\/#website\"},\"datePublished\":\"2021-05-28T08:04:55+00:00\",\"dateModified\":\"2024-05-02T13:25:20+00:00\",\"breadcrumb\":{\"@id\":\"https:\/\/jesusestalaporte.fr\/index.php\/ressources\/#breadcrumb\"},\"inLanguage\":\"fr-FR\",\"potentialAction\":[{\"@type\":\"ReadAction\",\"target\":[\"https:\/\/jesusestalaporte.fr\/index.php\/ressources\/\"]}]},{\"@type\":\"BreadcrumbList\",\"@id\":\"https:\/\/jesusestalaporte.fr\/index.php\/ressources\/#breadcrumb\",\"itemListElement\":[{\"@type\":\"ListItem\",\"position\":1,\"name\":\"Accueil\",\"item\":\"https:\/\/jesusestalaporte.fr\/\"},{\"@type\":\"ListItem\",\"position\":2,\"name\":\"Ressources\"}]},{\"@type\":\"WebSite\",\"@id\":\"https:\/\/jesusestalaporte.fr\/#website\",\"url\":\"https:\/\/jesusestalaporte.fr\/\",\"name\":\"J\u00e9sus est \u00e0 la porte\",\"description\":\"Le chemin La v\u00e9rit\u00e9 La vie\",\"potentialAction\":[{\"@type\":\"SearchAction\",\"target\":{\"@type\":\"EntryPoint\",\"urlTemplate\":\"https:\/\/jesusestalaporte.fr\/?s={search_term_string}\"},\"query-input\":\"required name=search_term_string\"}],\"inLanguage\":\"fr-FR\"}]}<\/script>\n<!-- \/ Yoast SEO plugin. -->","yoast_head_json":{"title":"Ressources - J\u00e9sus est \u00e0 la porte","robots":{"index":"index","follow":"follow","max-snippet":"max-snippet:-1","max-image-preview":"max-image-preview:large","max-video-preview":"max-video-preview:-1"},"canonical":"https:\/\/jesusestalaporte.fr\/index.php\/ressources\/","og_locale":"fr_FR","og_type":"article","og_title":"Ressources - J\u00e9sus est \u00e0 la porte","og_description":"texte exemple texte exemple texte exemple texte exemple texte exemple texte exemple texte exemple texte exemple texte exemple texte exemple texte exemple texte exemple texte exemple texte exemple texte exemple texte exemple texte exemple texte exemple texte exemple texte exemple texte exemple texte exemple texte exemple texte exemple texte exemple texte exemple texte exemple texte [&hellip;]","og_url":"https:\/\/jesusestalaporte.fr\/index.php\/ressources\/","og_site_name":"J\u00e9sus est \u00e0 la porte","article_modified_time":"2024-05-02T13:25:20+00:00","twitter_card":"summary_large_image","twitter_misc":{"Dur\u00e9e de lecture estim\u00e9e":"1 minute"},"schema":{"@context":"https:\/\/schema.org","@graph":[{"@type":"WebPage","@id":"https:\/\/jesusestalaporte.fr\/index.php\/ressources\/","url":"https:\/\/jesusestalaporte.fr\/index.php\/ressources\/","name":"Ressources - J\u00e9sus est \u00e0 la porte","isPartOf":{"@id":"https:\/\/jesusestalaporte.fr\/#website"},"datePublished":"2021-05-28T08:04:55+00:00","dateModified":"2024-05-02T13:25:20+00:00","breadcrumb":{"@id":"https:\/\/jesusestalaporte.fr\/index.php\/ressources\/#breadcrumb"},"inLanguage":"fr-FR","potentialAction":[{"@type":"ReadAction","target":["https:\/\/jesusestalaporte.fr\/index.php\/ressources\/"]}]},{"@type":"BreadcrumbList","@id":"https:\/\/jesusestalaporte.fr\/index.php\/ressources\/#breadcrumb","itemListElement":[{"@type":"ListItem","position":1,"name":"Accueil","item":"https:\/\/jesusestalaporte.fr\/"},{"@type":"ListItem","position":2,"name":"Ressources"}]},{"@type":"WebSite","@id":"https:\/\/jesusestalaporte.fr\/#website","url":"https:\/\/jesusestalaporte.fr\/","name":"J\u00e9sus est \u00e0 la porte","description":"Le chemin La v\u00e9rit\u00e9 La vie","potentialAction":[{"@type":"SearchAction","target":{"@type":"EntryPoint","urlTemplate":"https:\/\/jesusestalaporte.fr\/?s={search_term_string}"},"query-input":"required name=search_term_string"}],"inLanguage":"fr-FR"}]}},"_links":{"self":[{"href":"https:\/\/jesusestalaporte.fr\/index.php\/wp-json\/wp\/v2\/pages\/2103","targetHints":{"allow":["GET"]}}],"collection":[{"href":"https:\/\/jesusestalaporte.fr\/index.php\/wp-json\/wp\/v2\/pages"}],"about":[{"href":"https:\/\/jesusestalaporte.fr\/index.php\/wp-json\/wp\/v2\/types\/page"}],"author":[{"embeddable":true,"href":"https:\/\/jesusestalaporte.fr\/index.php\/wp-json\/wp\/v2\/users\/1"}],"replies":[{"embeddable":true,"href":"https:\/\/jesusestalaporte.fr\/index.php\/wp-json\/wp\/v2\/comments?post=2103"}],"version-history":[{"count":3,"href":"https:\/\/jesusestalaporte.fr\/index.php\/wp-json\/wp\/v2\/pages\/2103\/revisions"}],"predecessor-version":[{"id":5153,"href":"https:\/\/jesusestalaporte.fr\/index.php\/wp-json\/wp\/v2\/pages\/2103\/revisions\/5153"}],"wp:attachment":[{"href":"https:\/\/jesusestalaporte.fr\/index.php\/wp-json\/wp\/v2\/media?parent=2103"}],"curies":[{"name":"wp","href":"https:\/\/api.w.org\/{rel}","templated":true}]}}