{"id":2117,"date":"2021-05-28T08:11:24","date_gmt":"2021-05-28T08:11:24","guid":{"rendered":"https:\/\/jesusestalaporte.fr\/?page_id=2117"},"modified":"2026-04-26T17:15:01","modified_gmt":"2026-04-26T17:15:01","slug":"pensee-de-la-semaine","status":"publish","type":"page","link":"https:\/\/jesusestalaporte.fr\/index.php\/ressources\/pensee-de-la-semaine\/","title":{"rendered":"Pens\u00e9e de la semaine"},"content":{"rendered":"\n<p><strong>Ne laissez pas vos circonstances dominer votre vie<\/strong><\/p>\n\n\n\n<p>\u00ab\u00a0Alors David et le peuple qui \u00e9tait avec lui \u00e9lev\u00e8rent la voix et pleur\u00e8rent jusqu&rsquo;\u00e0 ce qu&rsquo;ils n&rsquo;eussent plus la force de pleurer\u00a0\u00bb 1 Samuel 30\/4<br>C\u2019est humain, me direz-vous, et vous aurez raison ; votre foi en J\u00e9sus-Chris ne fait pas de vous des gens insensibles, de purs esprits, indiff\u00e9rents, aux nerfs d\u2019acier et au regard dur ! David et son peuple vont r\u00e9agir l\u00e9gitimement. Ils se retrouvent en face de circonstances dramatiques qui les atteignent profond\u00e9ment ; ils ne savent m\u00eame pas comment faire pour s\u2019en sortir !<\/p>\n\n\n\n<p>Jusque-l\u00e0, ce sont les circonstances qui d\u00e9cident, qui imposent l\u2019angoisse, le doute, la perte de confiance, la haine, la r\u00e9volte, le d\u00e9sir de meurtre. Elles dirigent la vie de ces personnes, elles commandent, ordonnent, orientent, influencent. En r\u00e9sum\u00e9, elles s\u2019\u00e9rigent en seigneur de la vie de David et des autres ; elles se font dieux \u00e0 la place du seul vrai Dieu !<\/p>\n\n\n\n<p>Vous \u00eates comme tout le monde : face \u00e0 des circonstances difficiles, d\u00e9courageantes, blessantes, vous r\u00e9agissez comme David !<\/p>\n\n\n\n<p>Observons la seconde \u00e9tape. L\u2019homme spirituel, bien que sonn\u00e9 dans un premier temps r\u00e9agit : \u201cDavid reprit courage en s\u2019appuyant sur l\u2019\u00c9ternel son Dieu (1 Samuel 30\/6). Il d\u00e9cide de rendre \u00e0 Dieu la seigneurie sur sa vie, de ne plu-laisser aux circonstances n\u00e9gatives, d\u00e9courageantes, inqui\u00e9tantes, le droit de diriger sa vie. Dieu reprend les commandes et \u00e0 partir de ce moment-l\u00e0, tout change<\/p>\n\n\n\n<p>En r\u00e9alit\u00e9, rien n\u2019a chang\u00e9 ; les circonstances sont toujours aussi drama tiques, les maisons toujours br\u00fbl\u00e9es, les familles toujours s\u00e9par\u00e9es, mais c\u2019est d\u00e9sormais le Seigneur Dieu qui a tout cela dans ses mains, et lui, commence par changer le c\u0153ur de David.<\/p>\n\n\n\n<p>Pourquoi ne pas d\u00e9cider, face \u00e0 vos terribles circonstances, de vous appuyer sur l\u2019\u00c9ternel et de retrouver le courage de continuer ? Jusqu\u2019\u00e0 preuve du contraire, J\u00e9sus-Christ est le Seigneur de votre vie, personne d\u2019autre, ni rien d\u2019autre. C\u2019est \u00e0 vous de choisir !<\/p>\n\n\n\n<p><strong>Une d\u00e9cision pour aujourd&rsquo;hui<\/strong><\/p>\n\n\n\n<p>J\u00e9sus, pardonne-moi d\u2019avoir laiss\u00e9 l\u2019occasion aux circonstances bonnes ou mauvaises de d\u00e9cider de ma joie ou des mes peurs ; ma vie est entre tes mains et je te reconnais tous les droits sur elle. Je choisis de m\u2019appuyer sur toi !<\/p>\n\n\n\n<p><\/p>\n","protected":false},"excerpt":{"rendered":"<p>Ne laissez pas vos circonstances dominer votre vie \u00ab\u00a0Alors David et le peuple qui \u00e9tait avec lui \u00e9lev\u00e8rent la voix et pleur\u00e8rent jusqu&rsquo;\u00e0 ce qu&rsquo;ils n&rsquo;eussent plus la force de pleurer\u00a0\u00bb 1 Samuel 30\/4C\u2019est humain, me direz-vous, et vous aurez raison ; votre foi en J\u00e9sus-Chris ne fait pas de vous des gens insensibles, de [&hellip;]<\/p>\n","protected":false},"author":2,"featured_media":0,"parent":2103,"menu_order":4,"comment_status":"closed","ping_status":"closed","template":"","meta":{"footnotes":""},"class_list":["post-2117","page","type-page","status-publish","hentry"],"yoast_head":"<!-- This site is optimized with the Yoast SEO plugin v22.0 - https:\/\/yoast.com\/wordpress\/plugins\/seo\/ -->\n<title>Pens\u00e9e de la semaine - J\u00e9sus est \u00e0 la porte<\/title>\n<meta name=\"description\" content=\"Edification journali\u00e8re\" \/>\n<meta name=\"robots\" content=\"index, follow, max-snippet:-1, max-image-preview:large, max-video-preview:-1\" \/>\n<link rel=\"canonical\" href=\"https:\/\/jesusestalaporte.fr\/index.php\/ressources\/pensee-de-la-semaine\/\" \/>\n<meta property=\"og:locale\" content=\"fr_FR\" \/>\n<meta property=\"og:type\" content=\"article\" \/>\n<meta property=\"og:title\" content=\"Pens\u00e9e de la semaine - J\u00e9sus est \u00e0 la porte\" \/>\n<meta property=\"og:description\" content=\"Edification journali\u00e8re\" \/>\n<meta property=\"og:url\" content=\"https:\/\/jesusestalaporte.fr\/index.php\/ressources\/pensee-de-la-semaine\/\" \/>\n<meta property=\"og:site_name\" content=\"J\u00e9sus est \u00e0 la porte\" \/>\n<meta property=\"article:modified_time\" content=\"2026-04-26T17:15:01+00:00\" \/>\n<meta name=\"twitter:card\" content=\"summary_large_image\" \/>\n<meta name=\"twitter:label1\" content=\"Dur\u00e9e de lecture estim\u00e9e\" \/>\n\t<meta name=\"twitter:data1\" content=\"2 minutes\" \/>\n<script type=\"application\/ld+json\" class=\"yoast-schema-graph\">{\"@context\":\"https:\/\/schema.org\",\"@graph\":[{\"@type\":\"WebPage\",\"@id\":\"https:\/\/jesusestalaporte.fr\/index.php\/ressources\/pensee-de-la-semaine\/\",\"url\":\"https:\/\/jesusestalaporte.fr\/index.php\/ressources\/pensee-de-la-semaine\/\",\"name\":\"Pens\u00e9e de la semaine - J\u00e9sus est \u00e0 la porte\",\"isPartOf\":{\"@id\":\"https:\/\/jesusestalaporte.fr\/#website\"},\"datePublished\":\"2021-05-28T08:11:24+00:00\",\"dateModified\":\"2026-04-26T17:15:01+00:00\",\"description\":\"Edification journali\u00e8re\",\"breadcrumb\":{\"@id\":\"https:\/\/jesusestalaporte.fr\/index.php\/ressources\/pensee-de-la-semaine\/#breadcrumb\"},\"inLanguage\":\"fr-FR\",\"potentialAction\":[{\"@type\":\"ReadAction\",\"target\":[\"https:\/\/jesusestalaporte.fr\/index.php\/ressources\/pensee-de-la-semaine\/\"]}]},{\"@type\":\"BreadcrumbList\",\"@id\":\"https:\/\/jesusestalaporte.fr\/index.php\/ressources\/pensee-de-la-semaine\/#breadcrumb\",\"itemListElement\":[{\"@type\":\"ListItem\",\"position\":1,\"name\":\"Accueil\",\"item\":\"https:\/\/jesusestalaporte.fr\/\"},{\"@type\":\"ListItem\",\"position\":2,\"name\":\"Ressources\",\"item\":\"https:\/\/jesusestalaporte.fr\/index.php\/ressources\/\"},{\"@type\":\"ListItem\",\"position\":3,\"name\":\"Pens\u00e9e de la semaine\"}]},{\"@type\":\"WebSite\",\"@id\":\"https:\/\/jesusestalaporte.fr\/#website\",\"url\":\"https:\/\/jesusestalaporte.fr\/\",\"name\":\"J\u00e9sus est \u00e0 la porte\",\"description\":\"Le chemin La v\u00e9rit\u00e9 La vie\",\"potentialAction\":[{\"@type\":\"SearchAction\",\"target\":{\"@type\":\"EntryPoint\",\"urlTemplate\":\"https:\/\/jesusestalaporte.fr\/?s={search_term_string}\"},\"query-input\":\"required name=search_term_string\"}],\"inLanguage\":\"fr-FR\"}]}<\/script>\n<!-- \/ Yoast SEO plugin. -->","yoast_head_json":{"title":"Pens\u00e9e de la semaine - J\u00e9sus est \u00e0 la porte","description":"Edification journali\u00e8re","robots":{"index":"index","follow":"follow","max-snippet":"max-snippet:-1","max-image-preview":"max-image-preview:large","max-video-preview":"max-video-preview:-1"},"canonical":"https:\/\/jesusestalaporte.fr\/index.php\/ressources\/pensee-de-la-semaine\/","og_locale":"fr_FR","og_type":"article","og_title":"Pens\u00e9e de la semaine - J\u00e9sus est \u00e0 la porte","og_description":"Edification journali\u00e8re","og_url":"https:\/\/jesusestalaporte.fr\/index.php\/ressources\/pensee-de-la-semaine\/","og_site_name":"J\u00e9sus est \u00e0 la porte","article_modified_time":"2026-04-26T17:15:01+00:00","twitter_card":"summary_large_image","twitter_misc":{"Dur\u00e9e de lecture estim\u00e9e":"2 minutes"},"schema":{"@context":"https:\/\/schema.org","@graph":[{"@type":"WebPage","@id":"https:\/\/jesusestalaporte.fr\/index.php\/ressources\/pensee-de-la-semaine\/","url":"https:\/\/jesusestalaporte.fr\/index.php\/ressources\/pensee-de-la-semaine\/","name":"Pens\u00e9e de la semaine - J\u00e9sus est \u00e0 la porte","isPartOf":{"@id":"https:\/\/jesusestalaporte.fr\/#website"},"datePublished":"2021-05-28T08:11:24+00:00","dateModified":"2026-04-26T17:15:01+00:00","description":"Edification journali\u00e8re","breadcrumb":{"@id":"https:\/\/jesusestalaporte.fr\/index.php\/ressources\/pensee-de-la-semaine\/#breadcrumb"},"inLanguage":"fr-FR","potentialAction":[{"@type":"ReadAction","target":["https:\/\/jesusestalaporte.fr\/index.php\/ressources\/pensee-de-la-semaine\/"]}]},{"@type":"BreadcrumbList","@id":"https:\/\/jesusestalaporte.fr\/index.php\/ressources\/pensee-de-la-semaine\/#breadcrumb","itemListElement":[{"@type":"ListItem","position":1,"name":"Accueil","item":"https:\/\/jesusestalaporte.fr\/"},{"@type":"ListItem","position":2,"name":"Ressources","item":"https:\/\/jesusestalaporte.fr\/index.php\/ressources\/"},{"@type":"ListItem","position":3,"name":"Pens\u00e9e de la semaine"}]},{"@type":"WebSite","@id":"https:\/\/jesusestalaporte.fr\/#website","url":"https:\/\/jesusestalaporte.fr\/","name":"J\u00e9sus est \u00e0 la porte","description":"Le chemin La v\u00e9rit\u00e9 La vie","potentialAction":[{"@type":"SearchAction","target":{"@type":"EntryPoint","urlTemplate":"https:\/\/jesusestalaporte.fr\/?s={search_term_string}"},"query-input":"required name=search_term_string"}],"inLanguage":"fr-FR"}]}},"_links":{"self":[{"href":"https:\/\/jesusestalaporte.fr\/index.php\/wp-json\/wp\/v2\/pages\/2117","targetHints":{"allow":["GET"]}}],"collection":[{"href":"https:\/\/jesusestalaporte.fr\/index.php\/wp-json\/wp\/v2\/pages"}],"about":[{"href":"https:\/\/jesusestalaporte.fr\/index.php\/wp-json\/wp\/v2\/types\/page"}],"author":[{"embeddable":true,"href":"https:\/\/jesusestalaporte.fr\/index.php\/wp-json\/wp\/v2\/users\/2"}],"replies":[{"embeddable":true,"href":"https:\/\/jesusestalaporte.fr\/index.php\/wp-json\/wp\/v2\/comments?post=2117"}],"version-history":[{"count":259,"href":"https:\/\/jesusestalaporte.fr\/index.php\/wp-json\/wp\/v2\/pages\/2117\/revisions"}],"predecessor-version":[{"id":6191,"href":"https:\/\/jesusestalaporte.fr\/index.php\/wp-json\/wp\/v2\/pages\/2117\/revisions\/6191"}],"up":[{"embeddable":true,"href":"https:\/\/jesusestalaporte.fr\/index.php\/wp-json\/wp\/v2\/pages\/2103"}],"wp:attachment":[{"href":"https:\/\/jesusestalaporte.fr\/index.php\/wp-json\/wp\/v2\/media?parent=2117"}],"curies":[{"name":"wp","href":"https:\/\/api.w.org\/{rel}","templated":true}]}}