{"id":2514,"date":"2021-06-25T13:11:39","date_gmt":"2021-06-25T13:11:39","guid":{"rendered":"https:\/\/jesusestalaporte.fr\/index.php\/video-category\/"},"modified":"2021-06-25T13:11:39","modified_gmt":"2021-06-25T13:11:39","slug":"video-category","status":"publish","type":"page","link":"https:\/\/jesusestalaporte.fr\/index.php\/video-category\/","title":{"rendered":"Video Category"},"content":{"rendered":"\r\n<div id=\"aiovg-6a073ba922e6b1\" class=\"aiovg aiovg-categories aiovg-categories-template-grid\">\r\n        \r\n    <div class=\"aiovg-section-categories aiovg-grid aiovg-row\">\r\n                    \r\n            <div class=\"aiovg-item-category aiovg-item-category-67 aiovg-col aiovg-col-3 aiovg-col-xs-2\" data-id=\"67\">\t\t\r\n                \n<div class=\"aiovg-thumbnail\">\n    <a href=\"https:\/\/jesusestalaporte.fr\/index.php\/video-category\/video\/\" class=\"aiovg-responsive-container\" style=\"padding-bottom: 56.25%;\">\n        <img decoding=\"async\" src=\"https:\/\/jesusestalaporte.fr\/wp-content\/plugins\/all-in-one-video-gallery\/public\/assets\/images\/placeholder-image.png\" class=\"aiovg-responsive-element\" alt=\"Video\" \/>\n    <\/a>\n    \n    <div class=\"aiovg-caption\">\n        <div class=\"aiovg-title\">\n            <a href=\"https:\/\/jesusestalaporte.fr\/index.php\/video-category\/video\/\" class=\"aiovg-link-title\">\n                Video            <\/a>\n        <\/div>        \n\n                    <div class=\"aiovg-count aiovg-flex aiovg-gap-1 aiovg-items-center aiovg-text-muted aiovg-text-small\">\n                <svg xmlns=\"http:\/\/www.w3.org\/2000\/svg\" fill=\"none\" width=\"16\" height=\"16\" viewBox=\"0 0 24 24\" stroke-width=\"1.5\" stroke=\"currentColor\" class=\"aiovg-flex-shrink-0\">\n                    <path stroke-linecap=\"round\" stroke-linejoin=\"round\" d=\"M21 12a9 9 0 1 1-18 0 9 9 0 0 1 18 0Z\" \/>\n                    <path stroke-linecap=\"round\" stroke-linejoin=\"round\" d=\"M15.91 11.672a.375.375 0 0 1 0 .656l-5.603 3.113a.375.375 0 0 1-.557-.328V8.887c0-.286.307-.466.557-.327l5.603 3.112Z\" \/>\n                <\/svg>\n                12 videos            <\/div>\n         \n        \n            <\/div>            \t\t\t\n<\/div>\t\t\r\n            <\/div> \r\n            <\/div>\r\n\r\n    <\/div>\n","protected":false},"excerpt":{"rendered":"","protected":false},"author":1,"featured_media":0,"parent":0,"menu_order":0,"comment_status":"closed","ping_status":"closed","template":"","meta":{"footnotes":""},"class_list":["post-2514","page","type-page","status-publish","hentry"],"yoast_head":"<!-- This site is optimized with the Yoast SEO plugin v22.0 - https:\/\/yoast.com\/wordpress\/plugins\/seo\/ -->\n<title>Video Category - J\u00e9sus est \u00e0 la porte<\/title>\n<meta name=\"robots\" content=\"index, follow, max-snippet:-1, max-image-preview:large, max-video-preview:-1\" \/>\n<link rel=\"canonical\" href=\"https:\/\/jesusestalaporte.fr\/index.php\/video-category\/\" \/>\n<meta property=\"og:locale\" content=\"fr_FR\" \/>\n<meta property=\"og:type\" content=\"article\" \/>\n<meta property=\"og:title\" content=\"Video Category - J\u00e9sus est \u00e0 la porte\" \/>\n<meta property=\"og:url\" content=\"https:\/\/jesusestalaporte.fr\/index.php\/video-category\/\" \/>\n<meta property=\"og:site_name\" content=\"J\u00e9sus est \u00e0 la porte\" \/>\n<meta name=\"twitter:card\" content=\"summary_large_image\" \/>\n<script type=\"application\/ld+json\" class=\"yoast-schema-graph\">{\"@context\":\"https:\/\/schema.org\",\"@graph\":[{\"@type\":\"WebPage\",\"@id\":\"https:\/\/jesusestalaporte.fr\/index.php\/video-category\/\",\"url\":\"https:\/\/jesusestalaporte.fr\/index.php\/video-category\/\",\"name\":\"Video Category - J\u00e9sus est \u00e0 la porte\",\"isPartOf\":{\"@id\":\"https:\/\/jesusestalaporte.fr\/#website\"},\"datePublished\":\"2021-06-25T13:11:39+00:00\",\"dateModified\":\"2021-06-25T13:11:39+00:00\",\"breadcrumb\":{\"@id\":\"https:\/\/jesusestalaporte.fr\/index.php\/video-category\/#breadcrumb\"},\"inLanguage\":\"fr-FR\",\"potentialAction\":[{\"@type\":\"ReadAction\",\"target\":[\"https:\/\/jesusestalaporte.fr\/index.php\/video-category\/\"]}]},{\"@type\":\"BreadcrumbList\",\"@id\":\"https:\/\/jesusestalaporte.fr\/index.php\/video-category\/#breadcrumb\",\"itemListElement\":[{\"@type\":\"ListItem\",\"position\":1,\"name\":\"Accueil\",\"item\":\"https:\/\/jesusestalaporte.fr\/\"},{\"@type\":\"ListItem\",\"position\":2,\"name\":\"Video Category\"}]},{\"@type\":\"WebSite\",\"@id\":\"https:\/\/jesusestalaporte.fr\/#website\",\"url\":\"https:\/\/jesusestalaporte.fr\/\",\"name\":\"J\u00e9sus est \u00e0 la porte\",\"description\":\"Le chemin La v\u00e9rit\u00e9 La vie\",\"potentialAction\":[{\"@type\":\"SearchAction\",\"target\":{\"@type\":\"EntryPoint\",\"urlTemplate\":\"https:\/\/jesusestalaporte.fr\/?s={search_term_string}\"},\"query-input\":\"required name=search_term_string\"}],\"inLanguage\":\"fr-FR\"}]}<\/script>\n<!-- \/ Yoast SEO plugin. -->","yoast_head_json":{"title":"Video Category - J\u00e9sus est \u00e0 la porte","robots":{"index":"index","follow":"follow","max-snippet":"max-snippet:-1","max-image-preview":"max-image-preview:large","max-video-preview":"max-video-preview:-1"},"canonical":"https:\/\/jesusestalaporte.fr\/index.php\/video-category\/","og_locale":"fr_FR","og_type":"article","og_title":"Video Category - J\u00e9sus est \u00e0 la porte","og_url":"https:\/\/jesusestalaporte.fr\/index.php\/video-category\/","og_site_name":"J\u00e9sus est \u00e0 la porte","twitter_card":"summary_large_image","schema":{"@context":"https:\/\/schema.org","@graph":[{"@type":"WebPage","@id":"https:\/\/jesusestalaporte.fr\/index.php\/video-category\/","url":"https:\/\/jesusestalaporte.fr\/index.php\/video-category\/","name":"Video Category - J\u00e9sus est \u00e0 la porte","isPartOf":{"@id":"https:\/\/jesusestalaporte.fr\/#website"},"datePublished":"2021-06-25T13:11:39+00:00","dateModified":"2021-06-25T13:11:39+00:00","breadcrumb":{"@id":"https:\/\/jesusestalaporte.fr\/index.php\/video-category\/#breadcrumb"},"inLanguage":"fr-FR","potentialAction":[{"@type":"ReadAction","target":["https:\/\/jesusestalaporte.fr\/index.php\/video-category\/"]}]},{"@type":"BreadcrumbList","@id":"https:\/\/jesusestalaporte.fr\/index.php\/video-category\/#breadcrumb","itemListElement":[{"@type":"ListItem","position":1,"name":"Accueil","item":"https:\/\/jesusestalaporte.fr\/"},{"@type":"ListItem","position":2,"name":"Video Category"}]},{"@type":"WebSite","@id":"https:\/\/jesusestalaporte.fr\/#website","url":"https:\/\/jesusestalaporte.fr\/","name":"J\u00e9sus est \u00e0 la porte","description":"Le chemin La v\u00e9rit\u00e9 La vie","potentialAction":[{"@type":"SearchAction","target":{"@type":"EntryPoint","urlTemplate":"https:\/\/jesusestalaporte.fr\/?s={search_term_string}"},"query-input":"required name=search_term_string"}],"inLanguage":"fr-FR"}]}},"_links":{"self":[{"href":"https:\/\/jesusestalaporte.fr\/index.php\/wp-json\/wp\/v2\/pages\/2514","targetHints":{"allow":["GET"]}}],"collection":[{"href":"https:\/\/jesusestalaporte.fr\/index.php\/wp-json\/wp\/v2\/pages"}],"about":[{"href":"https:\/\/jesusestalaporte.fr\/index.php\/wp-json\/wp\/v2\/types\/page"}],"author":[{"embeddable":true,"href":"https:\/\/jesusestalaporte.fr\/index.php\/wp-json\/wp\/v2\/users\/1"}],"replies":[{"embeddable":true,"href":"https:\/\/jesusestalaporte.fr\/index.php\/wp-json\/wp\/v2\/comments?post=2514"}],"version-history":[{"count":0,"href":"https:\/\/jesusestalaporte.fr\/index.php\/wp-json\/wp\/v2\/pages\/2514\/revisions"}],"wp:attachment":[{"href":"https:\/\/jesusestalaporte.fr\/index.php\/wp-json\/wp\/v2\/media?parent=2514"}],"curies":[{"name":"wp","href":"https:\/\/api.w.org\/{rel}","templated":true}]}}