{"id":2903,"date":"2021-09-24T07:13:21","date_gmt":"2021-09-24T07:13:21","guid":{"rendered":"https:\/\/jesusestalaporte.fr\/?page_id=2903"},"modified":"2026-05-14T17:04:21","modified_gmt":"2026-05-14T17:04:21","slug":"edifiqhumour","status":"publish","type":"page","link":"https:\/\/jesusestalaporte.fr\/index.php\/ressources\/edifiqhumour\/","title":{"rendered":"\u00c9DIFIQHUMOUR"},"content":{"rendered":"\n<p>&nbsp;<\/p>\n\n\n\n<p><br><\/p>\n\n\n\n<p><strong>A\u00efe, a\u00efe, a\u00efe\u2026 Encore un sermon sur \u00e7a ?&nbsp;<\/strong><\/p>\n\n\n\n<figure class=\"wp-block-image\"><img decoding=\"async\" src=\"https:\/\/sendy.davidscoffeestains.com\/uploads\/1778517770.jpg\" alt=\"\"\/><\/figure>\n\n\n\n<p>As-tu d\u00e9j\u00e0 eu ce genre de pens\u00e9es rebelles suivies par un \u00ab&nbsp;arri\u00e8re de moi&nbsp;\u00bb&nbsp;? Peut-\u00eatre que celui qui \u00e9tait derri\u00e8re la remise en question n\u2019\u00e9tait pas Satan, mais Dieu.<\/p>\n\n\n\n<p>Un jour, j\u2019\u00e9tais \u00e0 l\u2019\u00e9glise, en train de chanter un cantique que j\u2019avais d\u00e9j\u00e0 chant\u00e9 un millier de fois, suivi d\u2019un message ressass\u00e9.<\/p>\n\n\n\n<p>Je crois que le message, ce matin-l\u00e0, \u00e9tait sur Joseph. J\u2019ai d\u00e9j\u00e0 entendu pr\u00eacher mainte fois sur ce texte et j\u2019ai d\u00e9j\u00e0 pr\u00each\u00e9 moi-m\u00eame sur lui \u00e0 de nombreuses reprises. J\u2019ai d\u00fb lire ce passage des centaines de fois.<\/p>\n\n\n\n<p>Quel \u00e9tait l\u2019int\u00e9r\u00eat d\u2019\u00e9couter un \u00e9ni\u00e8me message sur Joseph&nbsp;? Quel est l\u2019int\u00e9r\u00eat de retourner cinq fois en maternelle quand je sais d\u00e9j\u00e0 que 2 + 2 fait g\u00e9n\u00e9ralement 4&nbsp;?<\/p>\n\n\n\n<p>Mais, en \u00e9coutant ce que le pasteur disait, j\u2019ai pr\u00eat\u00e9 attention \u00e0 ce que cette histoire disait \u00e0 ma vie. Est-ce que j\u2019\u00e9tais \u00e0 la hauteur de ce que j\u2019entendais&nbsp;? Comment pouvais-je changer&nbsp;? Ma boussole int\u00e9rieure a commenc\u00e9 \u00e0 v\u00e9rifier si j\u2019\u00e9tais toujours dans la bonne direction.<\/p>\n\n\n\n<p>M\u00eame si je connaissais la Parole et aurais parfois pu finir la phrase du pr\u00e9dicateur \u00e0 sa place, \u00e9couter cette Parole et l\u2019appliquer\u2026 encore une fois\u2026 m\u2019a aid\u00e9 \u00e0 op\u00e9rer les corrections n\u00e9cessaires pour rester sur la bonne trajectoire.<\/p>\n\n\n\n<p>Sinon, j\u2019aurais pu rater ma destination.<\/p>\n\n\n\n<p><strong>Le vol 007 de la Korean Air Lines<\/strong><\/p>\n\n\n\n<p>Il y a plusieurs ann\u00e9es, le vol 007 de la Korean Air Lines a quitt\u00e9 l\u2019Alaska apr\u00e8s y avoir fait le plein, avec 269 passagers \u00e0 bord, en direction de S\u00e9oul, en Cor\u00e9e. Il n\u2019est jamais arriv\u00e9. Les autorit\u00e9s pensent que le pilotage automatique n\u2019\u00e9tait pas correctement r\u00e9gl\u00e9 et que l\u2019avion a l\u00e9g\u00e8rement d\u00e9vi\u00e9 de l\u2019itin\u00e9raire pr\u00e9vu.<\/p>\n\n\n\n<p>C\u2019\u00e9tait seulement une petite erreur, mais plus l\u2019avion a vol\u00e9, plus sa course a d\u00e9vi\u00e9. Le malheureux avion a fini dans l\u2019espace a\u00e9rien sovi\u00e9tique. C\u2019\u00e9tait en 1983 et la guerre froide battait son plein entre l\u2019Union Sovi\u00e9tique et l\u2019Ouest. Soudain, cet avion civil a \u00e9t\u00e9 pris en chasse par des avions de guerre. Les avions de chasse sovi\u00e9tiques l\u2019ont abattu, tuant les 269 passagers qui se trouvaient \u00e0 bord. Il y avait parmi eux beaucoup d\u2019enfants de moins de douze ans.<\/p>\n\n\n\n<p>Les syst\u00e8mes de navigations modernes montrent au pilote o\u00f9 se trouve l\u2019avion, o\u00f9 il est suppos\u00e9 \u00eatre et de quelle mani\u00e8re il a d\u00e9vi\u00e9 de l\u2019itin\u00e9raire pr\u00e9vu. Quand il s\u2019\u00e9carte, les syst\u00e8mes automatiques le ram\u00e8ne sur le bon trajet.<\/p>\n\n\n\n<p>De petites corrections auraient sauv\u00e9 de nombreuses vies sur le vol 007, qui avait seulement d\u00e9vi\u00e9 l\u00e9g\u00e8rement de son itin\u00e9raire.<\/p>\n\n\n\n<p><strong>Des corrections<\/strong><\/p>\n\n\n\n<p>Revenons \u00e0 l\u2019histoire de Joseph. M\u00eame si je l\u2019avais lue de nombreuses fois, alors que le jeune pasteur parlait, j\u2019ai essay\u00e9 de faire le lien avec ma vie et de voir si je ne devais pas op\u00e9rer quelques corrections. Je le fais toujours quand j\u2019\u00e9coute un message, quand je lis la Bible, quand je prie, et je remets ma vie devant Dieu.<\/p>\n\n\n\n<p>Je le fais quand je suis avec quelqu\u2019un qui connait le Seigneur. Le regarder vivre m\u2019aide \u00e0 voir si je suis toujours sur le bon chemin. &nbsp;Et j&rsquo;apprends \u00e0 \u00e9viter d&rsquo;autres obstacles si je le vois se cogner le bout du pied.<\/p>\n\n\n\n<p>Avec \u00ab&nbsp;l\u2019\u00e9glise \u00e0 la maison&nbsp;\u00bb pendant le COVID, j\u2019ai appris combien j\u2019avais besoin de mes fr\u00e8res et s\u0153urs qui aiment le Seigneur.<\/p>\n\n\n\n<p>Et je ne suis pas toujours d&rsquo;accord \u00e0 100 % avec ce que les autres pensent. Je le compare constamment \u00e0 ce que dit la Parole de Dieu. Si j&rsquo;avale simplement tout ce qu&rsquo;un dirigeant dit, au mieux je suis paresseux, et au pire je risque d&rsquo;\u00eatre lav\u00e9 du cerveau.&nbsp;<\/p>\n\n\n\n<p>Je v\u00e9rifie constamment si j\u2019ai besoin de faire des corrections dans ma vie. J\u2019ai besoin de l\u2019\u00e9glise pour m\u2019aider \u00e0 rester sur la bonne trajectoire.<\/p>\n\n\n\n<p>Il y a vraiment un int\u00e9r\u00eat \u00e0 \u00e9couter un autre message, \u00e0 chanter ce cantique encore une fois, \u00e0 prier avec mes fr\u00e8res et s\u0153urs pour la \u00e9ni\u00e8me fois. Je crois que Dieu se manifeste d\u2019une fa\u00e7on particuli\u00e8re quand Son peuple se r\u00e9unit.<\/p>\n\n\n\n<p>Il est plus facile de rester sur la bonne trajectoire quand je fais les corrections n\u00e9cessaires.<\/p>\n\n\n\n<p>Image: ChatGPT<\/p>\n\n\n\n<p>_________<\/p>\n\n\n\n<p><strong>Des nouvelles de Phyllis<\/strong><\/p>\n\n\n\n<p>Encore une fois, merci infiniment \u00e0 tous ceux qui ont pri\u00e9 pour ma femme quand elle a eu une attaque il y a quelques semaines. Elle va beaucoup, beaucoup mieux. Je crois que nous utilisons le mot miracle un peu trop souvent et \u00e0 la l\u00e9g\u00e8re, mais je pense vraiment qu\u2019elle a v\u00e9cu un miracle. L\u2019attaque \u00e9tait grave et, maintenant, six semaines plus tard, elle est presque revenue \u00e0 la normale. Nous remercions le Seigneur pour \u00e7a et nous remercions aussi le Seigneur pour les gens qui ont pri\u00e9 pour elle. Et pour les ambulanciers, le chirurgien, les docteurs, les infirmi\u00e8res et tant d\u2019amis qui ont pri\u00e9 et envoy\u00e9 des encouragements.<\/p>\n\n\n\n<p><strong>Sugg\u00e9rer pour vous<\/strong><\/p>\n\n\n\n<p><a href=\"https:\/\/sendy.davidscoffeestains.com\/l\/Cs5d763d1LApMfu98920Atk8929A\/jVgnuUwG84U1763ODJOByFow\/CqfrYYNDC5a1a22IhegL8w\">De l&rsquo;occultisme \u00e0 une gr\u00e2ce \u00e9tonnante<\/a>&#8211;A l&rsquo;\u00e2ge de 16 ans Sylvie L \u00e9tait pensionnaire dans un internat. Avec des copines, elles s&rsquo;enfermaient dans une petite pi\u00e8ce pour des s\u00e9ances de spiritisme. Mais, ce qui a commenc\u00e9 comme un jeu d&rsquo;adolescente a vite pris une grande place dans sa vie.<\/p>\n\n\n\n<p>Avec une amie, elle commen\u00e7ait avec des cartes et elle lisait pleins de livres sur le surnaturel, sur le bouddhisme, sur la r\u00e9incarnation, etc&#8230; \u00ab\u00a0J&rsquo;avais une grande attirance pour ces choses-l\u00e0.\u00a0\u00bb admet-elle. <a href=\"https:\/\/sendy.davidscoffeestains.com\/l\/Cs5d763d1LApMfu98920Atk8929A\/jVgnuUwG84U1763ODJOByFow\/CqfrYYNDC5a1a22IhegL8w\">CLIQUEZ<\/a> pour la suite<\/p>\n\n\n\n<p><a href=\"https:\/\/sendy.davidscoffeestains.com\/l\/Cs5d763d1LApMfu98920Atk8929A\/wxaVAUaRdcokh5fcM9s763jw\/CqfrYYNDC5a1a22IhegL8w\">Trois fa\u00e7ons d\u2019\u00e9viter le rago\u00fbt du diable <\/a>&#8212; Un jour notre explorateur intr\u00e9pide, Jules Duplouc, est entr\u00e9 d\u2019un pas assur\u00e9 dans un village profond\u00e9ment perdu dans la for\u00eat vierge. C\u2019est le premier homme en dehors de ceux qui habitent la for\u00eat qui soit jamais all\u00e9 jusque l\u00e0. Les boas, les mambas noirs et les moustiques avaient tu\u00e9 la plupart des autres aventuriers.<\/p>\n\n\n\n<p>Le chef de la tribu, Tonto, vint le saluer. \u00ab Bonjour, mon ami, dit Duplouc. Je suis ici pour d\u00e9couvrir votre village. \u00bb<br>\u00ab Entrez ! dit Tonto. Vous \u00eates notre invit\u00e9 d\u2019honneur. \u00bb (Bon, certains sceptiques parmi vous sont en train de dire: Si Duplouc venait de d\u00e9couvrir ce village, comment \u00e7a se fait qu\u2019il connaissait d\u00e9j\u00e0 le fran\u00e7ais?\u201d Je r\u00e9plique : \u00ab C\u2019est mon histoire et ils peuvent faire ce que je leur dis de faire. \u00bb) <a href=\"https:\/\/sendy.davidscoffeestains.com\/l\/Cs5d763d1LApMfu98920Atk8929A\/wxaVAUaRdcokh5fcM9s763jw\/CqfrYYNDC5a1a22IhegL8w\">CLIQUEZ<\/a> pour la suite &nbsp;<\/p>\n\n\n\n<p>Podcasts &gt; T\u00e2ches de caf\u00e9&#8211;Horreur des fant\u00f4mes <a href=\"https:\/\/sendy.davidscoffeestains.com\/l\/Cs5d763d1LApMfu98920Atk8929A\/tmdOqcfbGJSEPj4z2qoj9w\/CqfrYYNDC5a1a22IhegL8w\">Cliquez<\/a> pour ecouter<\/p>\n\n\n\n<p>_____________<\/p>\n\n\n\n<p><a href=\"https:\/\/sendy.davidscoffeestains.com\/l\/Cs5d763d1LApMfu98920Atk8929A\/763kFhvRKtsWff2f1gKIzY1A\/CqfrYYNDC5a1a22IhegL8w\" target=\"_blank\" rel=\"noreferrer noopener\">Cliquez<\/a>&nbsp;pour se d\u00e9sinscrire de la liste (<a href=\"https:\/\/sendy.davidscoffeestains.com\/l\/Cs5d763d1LApMfu98920Atk8929A\/763kFhvRKtsWff2f1gKIzY1A\/CqfrYYNDC5a1a22IhegL8w\" target=\"_blank\" rel=\"noreferrer noopener\">Unsubscribe<\/a>)<\/p>\n\n\n\n<p>(si le lien ne marche pas, ecrivez moi \u00e0&nbsp;<a href=\"mailto:postmaster@mg.davidscoffeestains.com\" target=\"_blank\" rel=\"noreferrer noopener\">postmaster@mg.davidscoffeestains.com<\/a>&nbsp;et notez \u00ab\u00a0desabonner\u00a0\u00bb)<\/p>\n\n\n\n<p>N&rsquo;h\u00e9site pas \u00e0 partager les Taches de Caf\u00e9 avec tes amis.<\/p>\n","protected":false},"excerpt":{"rendered":"<p>&nbsp; A\u00efe, a\u00efe, a\u00efe\u2026 Encore un sermon sur \u00e7a ?&nbsp; As-tu d\u00e9j\u00e0 eu ce genre de pens\u00e9es rebelles suivies par un \u00ab&nbsp;arri\u00e8re de moi&nbsp;\u00bb&nbsp;? Peut-\u00eatre que celui qui \u00e9tait derri\u00e8re la remise en question n\u2019\u00e9tait pas Satan, mais Dieu. Un jour, j\u2019\u00e9tais \u00e0 l\u2019\u00e9glise, en train de chanter un cantique que j\u2019avais d\u00e9j\u00e0 chant\u00e9 un [&hellip;]<\/p>\n","protected":false},"author":2,"featured_media":0,"parent":2103,"menu_order":5,"comment_status":"closed","ping_status":"closed","template":"","meta":{"footnotes":""},"class_list":["post-2903","page","type-page","status-publish","hentry"],"yoast_head":"<!-- This site is optimized with the Yoast SEO plugin v22.0 - https:\/\/yoast.com\/wordpress\/plugins\/seo\/ -->\n<title>\u00c9DIFIQHUMOUR - J\u00e9sus est \u00e0 la porte<\/title>\n<meta name=\"robots\" content=\"index, follow, max-snippet:-1, max-image-preview:large, max-video-preview:-1\" \/>\n<link rel=\"canonical\" href=\"https:\/\/jesusestalaporte.fr\/index.php\/ressources\/edifiqhumour\/\" \/>\n<meta property=\"og:locale\" content=\"fr_FR\" \/>\n<meta property=\"og:type\" content=\"article\" \/>\n<meta property=\"og:title\" content=\"\u00c9DIFIQHUMOUR - J\u00e9sus est \u00e0 la porte\" \/>\n<meta property=\"og:description\" content=\"&nbsp; A\u00efe, a\u00efe, a\u00efe\u2026 Encore un sermon sur \u00e7a ?&nbsp; As-tu d\u00e9j\u00e0 eu ce genre de pens\u00e9es rebelles suivies par un \u00ab&nbsp;arri\u00e8re de moi&nbsp;\u00bb&nbsp;? Peut-\u00eatre que celui qui \u00e9tait derri\u00e8re la remise en question n\u2019\u00e9tait pas Satan, mais Dieu. Un jour, j\u2019\u00e9tais \u00e0 l\u2019\u00e9glise, en train de chanter un cantique que j\u2019avais d\u00e9j\u00e0 chant\u00e9 un [&hellip;]\" \/>\n<meta property=\"og:url\" content=\"https:\/\/jesusestalaporte.fr\/index.php\/ressources\/edifiqhumour\/\" \/>\n<meta property=\"og:site_name\" content=\"J\u00e9sus est \u00e0 la porte\" \/>\n<meta property=\"article:modified_time\" content=\"2026-05-14T17:04:21+00:00\" \/>\n<meta property=\"og:image\" content=\"https:\/\/sendy.davidscoffeestains.com\/uploads\/1778517770.jpg\" \/>\n<meta name=\"twitter:card\" content=\"summary_large_image\" \/>\n<meta name=\"twitter:label1\" content=\"Dur\u00e9e de lecture estim\u00e9e\" \/>\n\t<meta name=\"twitter:data1\" content=\"7 minutes\" \/>\n<script type=\"application\/ld+json\" class=\"yoast-schema-graph\">{\"@context\":\"https:\/\/schema.org\",\"@graph\":[{\"@type\":\"WebPage\",\"@id\":\"https:\/\/jesusestalaporte.fr\/index.php\/ressources\/edifiqhumour\/\",\"url\":\"https:\/\/jesusestalaporte.fr\/index.php\/ressources\/edifiqhumour\/\",\"name\":\"\u00c9DIFIQHUMOUR - J\u00e9sus est \u00e0 la porte\",\"isPartOf\":{\"@id\":\"https:\/\/jesusestalaporte.fr\/#website\"},\"datePublished\":\"2021-09-24T07:13:21+00:00\",\"dateModified\":\"2026-05-14T17:04:21+00:00\",\"breadcrumb\":{\"@id\":\"https:\/\/jesusestalaporte.fr\/index.php\/ressources\/edifiqhumour\/#breadcrumb\"},\"inLanguage\":\"fr-FR\",\"potentialAction\":[{\"@type\":\"ReadAction\",\"target\":[\"https:\/\/jesusestalaporte.fr\/index.php\/ressources\/edifiqhumour\/\"]}]},{\"@type\":\"BreadcrumbList\",\"@id\":\"https:\/\/jesusestalaporte.fr\/index.php\/ressources\/edifiqhumour\/#breadcrumb\",\"itemListElement\":[{\"@type\":\"ListItem\",\"position\":1,\"name\":\"Accueil\",\"item\":\"https:\/\/jesusestalaporte.fr\/\"},{\"@type\":\"ListItem\",\"position\":2,\"name\":\"Ressources\",\"item\":\"https:\/\/jesusestalaporte.fr\/index.php\/ressources\/\"},{\"@type\":\"ListItem\",\"position\":3,\"name\":\"\u00c9DIFIQHUMOUR\"}]},{\"@type\":\"WebSite\",\"@id\":\"https:\/\/jesusestalaporte.fr\/#website\",\"url\":\"https:\/\/jesusestalaporte.fr\/\",\"name\":\"J\u00e9sus est \u00e0 la porte\",\"description\":\"Le chemin La v\u00e9rit\u00e9 La vie\",\"potentialAction\":[{\"@type\":\"SearchAction\",\"target\":{\"@type\":\"EntryPoint\",\"urlTemplate\":\"https:\/\/jesusestalaporte.fr\/?s={search_term_string}\"},\"query-input\":\"required name=search_term_string\"}],\"inLanguage\":\"fr-FR\"}]}<\/script>\n<!-- \/ Yoast SEO plugin. -->","yoast_head_json":{"title":"\u00c9DIFIQHUMOUR - J\u00e9sus est \u00e0 la porte","robots":{"index":"index","follow":"follow","max-snippet":"max-snippet:-1","max-image-preview":"max-image-preview:large","max-video-preview":"max-video-preview:-1"},"canonical":"https:\/\/jesusestalaporte.fr\/index.php\/ressources\/edifiqhumour\/","og_locale":"fr_FR","og_type":"article","og_title":"\u00c9DIFIQHUMOUR - J\u00e9sus est \u00e0 la porte","og_description":"&nbsp; A\u00efe, a\u00efe, a\u00efe\u2026 Encore un sermon sur \u00e7a ?&nbsp; As-tu d\u00e9j\u00e0 eu ce genre de pens\u00e9es rebelles suivies par un \u00ab&nbsp;arri\u00e8re de moi&nbsp;\u00bb&nbsp;? Peut-\u00eatre que celui qui \u00e9tait derri\u00e8re la remise en question n\u2019\u00e9tait pas Satan, mais Dieu. Un jour, j\u2019\u00e9tais \u00e0 l\u2019\u00e9glise, en train de chanter un cantique que j\u2019avais d\u00e9j\u00e0 chant\u00e9 un [&hellip;]","og_url":"https:\/\/jesusestalaporte.fr\/index.php\/ressources\/edifiqhumour\/","og_site_name":"J\u00e9sus est \u00e0 la porte","article_modified_time":"2026-05-14T17:04:21+00:00","og_image":[{"url":"https:\/\/sendy.davidscoffeestains.com\/uploads\/1778517770.jpg"}],"twitter_card":"summary_large_image","twitter_misc":{"Dur\u00e9e de lecture estim\u00e9e":"7 minutes"},"schema":{"@context":"https:\/\/schema.org","@graph":[{"@type":"WebPage","@id":"https:\/\/jesusestalaporte.fr\/index.php\/ressources\/edifiqhumour\/","url":"https:\/\/jesusestalaporte.fr\/index.php\/ressources\/edifiqhumour\/","name":"\u00c9DIFIQHUMOUR - J\u00e9sus est \u00e0 la porte","isPartOf":{"@id":"https:\/\/jesusestalaporte.fr\/#website"},"datePublished":"2021-09-24T07:13:21+00:00","dateModified":"2026-05-14T17:04:21+00:00","breadcrumb":{"@id":"https:\/\/jesusestalaporte.fr\/index.php\/ressources\/edifiqhumour\/#breadcrumb"},"inLanguage":"fr-FR","potentialAction":[{"@type":"ReadAction","target":["https:\/\/jesusestalaporte.fr\/index.php\/ressources\/edifiqhumour\/"]}]},{"@type":"BreadcrumbList","@id":"https:\/\/jesusestalaporte.fr\/index.php\/ressources\/edifiqhumour\/#breadcrumb","itemListElement":[{"@type":"ListItem","position":1,"name":"Accueil","item":"https:\/\/jesusestalaporte.fr\/"},{"@type":"ListItem","position":2,"name":"Ressources","item":"https:\/\/jesusestalaporte.fr\/index.php\/ressources\/"},{"@type":"ListItem","position":3,"name":"\u00c9DIFIQHUMOUR"}]},{"@type":"WebSite","@id":"https:\/\/jesusestalaporte.fr\/#website","url":"https:\/\/jesusestalaporte.fr\/","name":"J\u00e9sus est \u00e0 la porte","description":"Le chemin La v\u00e9rit\u00e9 La vie","potentialAction":[{"@type":"SearchAction","target":{"@type":"EntryPoint","urlTemplate":"https:\/\/jesusestalaporte.fr\/?s={search_term_string}"},"query-input":"required name=search_term_string"}],"inLanguage":"fr-FR"}]}},"_links":{"self":[{"href":"https:\/\/jesusestalaporte.fr\/index.php\/wp-json\/wp\/v2\/pages\/2903","targetHints":{"allow":["GET"]}}],"collection":[{"href":"https:\/\/jesusestalaporte.fr\/index.php\/wp-json\/wp\/v2\/pages"}],"about":[{"href":"https:\/\/jesusestalaporte.fr\/index.php\/wp-json\/wp\/v2\/types\/page"}],"author":[{"embeddable":true,"href":"https:\/\/jesusestalaporte.fr\/index.php\/wp-json\/wp\/v2\/users\/2"}],"replies":[{"embeddable":true,"href":"https:\/\/jesusestalaporte.fr\/index.php\/wp-json\/wp\/v2\/comments?post=2903"}],"version-history":[{"count":222,"href":"https:\/\/jesusestalaporte.fr\/index.php\/wp-json\/wp\/v2\/pages\/2903\/revisions"}],"predecessor-version":[{"id":6198,"href":"https:\/\/jesusestalaporte.fr\/index.php\/wp-json\/wp\/v2\/pages\/2903\/revisions\/6198"}],"up":[{"embeddable":true,"href":"https:\/\/jesusestalaporte.fr\/index.php\/wp-json\/wp\/v2\/pages\/2103"}],"wp:attachment":[{"href":"https:\/\/jesusestalaporte.fr\/index.php\/wp-json\/wp\/v2\/media?parent=2903"}],"curies":[{"name":"wp","href":"https:\/\/api.w.org\/{rel}","templated":true}]}}