{"id":2929,"date":"2021-09-24T17:17:30","date_gmt":"2021-09-24T17:17:30","guid":{"rendered":"https:\/\/jesusestalaporte.fr\/?page_id=2929"},"modified":"2026-05-13T19:24:52","modified_gmt":"2026-05-13T19:24:52","slug":"leglise-persecutee","status":"publish","type":"page","link":"https:\/\/jesusestalaporte.fr\/index.php\/ressources\/leglise-persecutee\/","title":{"rendered":"L&rsquo;\u00c9glise pers\u00e9cut\u00e9e"},"content":{"rendered":"\n<figure class=\"wp-block-table\"><table class=\"has-fixed-layout\"><tbody><tr><th><img decoding=\"async\" src=\"https:\/\/img.emails.portesouvertes.fr\/im\/sh\/YI6DHWkVOk9X.jpg?u=bLfru2eiMfsd4didzUXdhiOCaKebYtsKswmP\" width=\"650\"><\/th><\/tr><\/tbody><\/table><\/figure>\n\n\n\n<figure class=\"wp-block-table\"><table class=\"has-fixed-layout\"><tbody><tr><td><strong>Il y a un mois, Sabina a mis au monde un petit gar\u00e7on. Quelques jours plus tard, son mari l\u2019a quitt\u00e9e: il ne voulait pas rester mari\u00e9 \u00e0 une chr\u00e9tienne. Seule avec son b\u00e9b\u00e9, elle se trouve d\u00e9sormais dans une grande vuln\u00e9rabilit\u00e9.<\/strong> Sabina avait pourtant fait son possible pour pr\u00e9server son mariage. Elle a commenc\u00e9 son cheminement vers J\u00e9sus il y a cinq ans, en travaillant pendant ses \u00e9tudes pour une organisation chr\u00e9tienne du nord du <a href=\"https:\/\/r.emails.portesouvertes.fr\/mk\/cl\/f\/sh\/WCPzyXJTZ72ikdXGGE7pePzEoOydHvKD\/l25rGhsUB0f_\" target=\"_blank\" rel=\"noreferrer noopener\"><u>Bangladesh<\/u><\/a>.&nbsp;<br>Mari\u00e9e peu apr\u00e8s \u00e0 un homme qui ne partageait pas sa foi naissante, elle s\u2019est mise \u00e0 suivre Christ en secret, sans cesser d\u2019esp\u00e9rer que son mari le rencontre lui aussi. Elle se rendait \u00e0 l&rsquo;\u00e9glise en cachette, consciente des risques.<br>\u00c0 29 ans, elle se retrouve aujourd\u2019hui seule avec son nouveau-n\u00e9, h\u00e9berg\u00e9e par sa m\u00e8re et son fr\u00e8re, qui ne sont pas croyants. Sans emploi, sans appui spirituel, l\u2019avenir lui semble plus qu\u2019incertain:&nbsp;\u00ab<em>La situation financi\u00e8re de mon fr\u00e8re n\u2019est pas bonne et je suis devenue une charge suppl\u00e9mentaire pour lui et ma m\u00e8re. Je ne sais pas comment je vais survivre seule avec mon enfant, ni comment je vais pers\u00e9v\u00e9rer dans ma foi en Dieu.<\/em>\u00bb<br>Les partenaires locaux de Portes Ouvertes l\u2019accompagnent et lui ont fourni une aide d\u2019urgence pour elle et son b\u00e9b\u00e9. Mais&nbsp;Sabina a besoin de nos pri\u00e8res pour l\u2019aider \u00e0 tenir ferme dans cette \u00e9preuve.<\/td><\/tr><\/tbody><\/table><\/figure>\n\n\n\n<figure class=\"wp-block-table\"><table class=\"has-fixed-layout\"><tbody><tr><td><a href=\"https:\/\/r.emails.portesouvertes.fr\/mk\/cl\/f\/sh\/WCPzyXJTZ7AVofkWcJbVQA91xBrkXcwL\/Exn-j-ZFTsG1\" target=\"_blank\" rel=\"noreferrer noopener\"><strong>LIRE TOUTE L\u2019HISTOIRE<\/strong><\/a><\/td><\/tr><\/tbody><\/table><\/figure>\n\n\n\n<figure class=\"wp-block-table\"><table class=\"has-fixed-layout\"><tbody><tr><td><strong>&nbsp;P<\/strong><strong>RIONS POUR SABINA&nbsp;<\/strong><\/td><\/tr><\/tbody><\/table><\/figure>\n\n\n\n<figure class=\"wp-block-table\"><table class=\"has-fixed-layout\"><tbody><tr><td class=\"has-text-align-center\" data-align=\"center\"><strong>Prions que Dieu pourvoie aux besoins quotidiens de Sabina et de son b\u00e9b\u00e9,<\/strong> et qu\u2019Il leur donne la stabilit\u00e9 dont ils ont besoin.<br><strong>Demandons \u00e0 Dieu qu\u2019Il donne \u00e0 Sabina les signes de Sa pr\u00e9sence<\/strong> aupr\u00e8s d\u2019elle dans cette \u00e9preuve, afin qu\u2019elle demeure ferme malgr\u00e9 le doute et les difficult\u00e9s.<br><strong>Prions que le mari de Sabina et les membres de sa famille<\/strong> d\u00e9couvrent la v\u00e9rit\u00e9 de l\u2019\u00c9vangile, et que leurs c\u0153urs s\u2019ouvrent \u00e0 Christ.<\/td><\/tr><\/tbody><\/table><\/figure>\n\n\n\n<figure class=\"wp-block-table\"><table class=\"has-fixed-layout\"><tbody><tr><th><a href=\"https:\/\/r.emails.portesouvertes.fr\/mk\/cl\/f\/sh\/WCPzyXJTZ7IIshxmyP5BBuIp5ykrnKYT\/-a1HRqklCzW5\" target=\"_blank\" rel=\"noreferrer noopener\"><\/a><\/th><th>PROJET DU MOIS:SOUTENEZ LES CHR\u00c9TIENS DU MOYEN-ORIENT Au Moyen-Orient, des chr\u00e9tiens choisissent chaque jour de suivre Dieu malgr\u00e9 le danger et la peur. Vous les pr\u00e9parez \u00e0 affronter la pers\u00e9cution et les accompagnez dans les moments de crise. <a href=\"https:\/\/r.emails.portesouvertes.fr\/mk\/cl\/f\/sh\/WCPzyXJTZ7Q5wkB3KUYqxeScEldz32Ab\/qGwdpDbrAK3I\" target=\"_blank\" rel=\"noreferrer noopener\"><strong>JE VEUX SOUTENIR<\/strong><\/a> \u00ad<\/th><\/tr><\/tbody><\/table><\/figure>\n\n\n\n<figure class=\"wp-block-table\"><table class=\"has-fixed-layout\"><tbody><tr><td><strong>&nbsp;ACTUALIT\u00c9S DE L\u2019\u00c9GLISE PERS\u00c9CUT\u00c9E&nbsp;<\/strong><\/td><\/tr><\/tbody><\/table><\/figure>\n\n\n\n<figure class=\"wp-block-table\"><table class=\"has-fixed-layout\"><tbody><tr><td><a href=\"https:\/\/r.emails.portesouvertes.fr\/mk\/cl\/f\/sh\/WCPzyXJTZ7Xt0mOJga2WjOcPNYX6Ijmj\/0rvEBPYJvxfS\" target=\"_blank\" rel=\"noreferrer noopener\"><\/a> <strong><a href=\"https:\/\/r.emails.portesouvertes.fr\/mk\/cl\/f\/sh\/WCPzyXJTZ7fg4oba2fWCV8mCWLQDYROr\/ovswwyITD8pO\" target=\"_blank\" rel=\"noreferrer noopener\"><u>Vietnam: priv\u00e9 de tout revenu pour sa foi chr\u00e9tienne<\/u><\/a><\/strong>Depuis sa conversion, Vang A Canh, p\u00e8re de famille vietnamien, subit le boycott de son village. Pire: les autorit\u00e9s locales lui ont retir\u00e9 l\u2019allocation qui assurait son revenu.<\/td><\/tr><\/tbody><\/table><\/figure>\n\n\n\n<figure class=\"wp-block-table\"><table class=\"has-fixed-layout\"><tbody><tr><td><a href=\"https:\/\/r.emails.portesouvertes.fr\/mk\/cl\/f\/sh\/WCPzyXJTZ7nT8qoqOkzsGsvzf8JKo90z\/erwZWcL6eiNq\" target=\"_blank\" rel=\"noreferrer noopener\"><\/a> <a href=\"https:\/\/r.emails.portesouvertes.fr\/mk\/cl\/f\/sh\/WCPzyXJTZ7vGCt26kqTY2d5mnvCS3qd7\/Ig03O2kMFp0y\" target=\"_blank\" rel=\"noreferrer noopener\"><u><\/u><\/a><a href=\"https:\/\/r.emails.portesouvertes.fr\/mk\/cl\/f\/sh\/WCPzyXJTZ833GvFN6vxDoNFZwi5ZJYFF\/ixvd2J-eokbc\" target=\"_blank\" rel=\"noreferrer noopener\"><u><strong>Ils ont tout perdu, mais reconstruisent leur vie gr\u00e2ce \u00e0 vous<\/strong><\/u><\/a>Au Mexique, des centaines de familles chr\u00e9tiennes doivent fuir de chez elles \u00e0 cause du crime organis\u00e9. Que vivent celles qui ont tout perdu et qui doivent repartir de z\u00e9ro?<\/td><\/tr><\/tbody><\/table><\/figure>\n\n\n\n<figure class=\"wp-block-table\"><table class=\"has-fixed-layout\"><tbody><tr><th><a href=\"https:\/\/r.emails.portesouvertes.fr\/mk\/cl\/f\/sh\/28xHLtxYQ4yaodDb778ab0bOpgUf1iYMfR\/1AuFBWtVJMjz\" target=\"_blank\" rel=\"noreferrer noopener\"><\/a><\/th><th>CHALLENGES PORTES OUVERTES Vous souhaitez agir et soutenir vos fr\u00e8res et s\u0153urs pers\u00e9cut\u00e9s en Afrique subsaharienne? Venez courir et collecter des fonds pour financer la construction d\u2019une \u00e9cole et d\u2019une clinique pour les chr\u00e9tiens du Nig\u00e9ria. \u00ad <a href=\"https:\/\/r.emails.portesouvertes.fr\/mk\/cl\/f\/sh\/28xHLtxYQ4z6zDsjseLD7TjzGamWbfOS6T\/LDhPC9wlc-Cf\" target=\"_blank\" rel=\"noreferrer noopener\"><strong>JE REL\u00c8VE LE D\u00c9FI<\/strong><\/a><\/th><\/tr><\/tbody><\/table><\/figure>\n","protected":false},"excerpt":{"rendered":"<p>Il y a un mois, Sabina a mis au monde un petit gar\u00e7on. Quelques jours plus tard, son mari l\u2019a quitt\u00e9e: il ne voulait pas rester mari\u00e9 \u00e0 une chr\u00e9tienne. Seule avec son b\u00e9b\u00e9, elle se trouve d\u00e9sormais dans une grande vuln\u00e9rabilit\u00e9. Sabina avait pourtant fait son possible pour pr\u00e9server son mariage. Elle a commenc\u00e9 [&hellip;]<\/p>\n","protected":false},"author":2,"featured_media":0,"parent":2103,"menu_order":1,"comment_status":"closed","ping_status":"closed","template":"","meta":{"footnotes":""},"class_list":["post-2929","page","type-page","status-publish","hentry"],"yoast_head":"<!-- This site is optimized with the Yoast SEO plugin v22.0 - https:\/\/yoast.com\/wordpress\/plugins\/seo\/ -->\n<title>L&#039;\u00c9glise pers\u00e9cut\u00e9e - J\u00e9sus est \u00e0 la porte<\/title>\n<meta name=\"robots\" content=\"index, follow, max-snippet:-1, max-image-preview:large, max-video-preview:-1\" \/>\n<link rel=\"canonical\" href=\"https:\/\/jesusestalaporte.fr\/index.php\/ressources\/leglise-persecutee\/\" \/>\n<meta property=\"og:locale\" content=\"fr_FR\" \/>\n<meta property=\"og:type\" content=\"article\" \/>\n<meta property=\"og:title\" content=\"L&#039;\u00c9glise pers\u00e9cut\u00e9e - J\u00e9sus est \u00e0 la porte\" \/>\n<meta property=\"og:description\" content=\"Il y a un mois, Sabina a mis au monde un petit gar\u00e7on. Quelques jours plus tard, son mari l\u2019a quitt\u00e9e: il ne voulait pas rester mari\u00e9 \u00e0 une chr\u00e9tienne. Seule avec son b\u00e9b\u00e9, elle se trouve d\u00e9sormais dans une grande vuln\u00e9rabilit\u00e9. Sabina avait pourtant fait son possible pour pr\u00e9server son mariage. Elle a commenc\u00e9 [&hellip;]\" \/>\n<meta property=\"og:url\" content=\"https:\/\/jesusestalaporte.fr\/index.php\/ressources\/leglise-persecutee\/\" \/>\n<meta property=\"og:site_name\" content=\"J\u00e9sus est \u00e0 la porte\" \/>\n<meta property=\"article:modified_time\" content=\"2026-05-13T19:24:52+00:00\" \/>\n<meta property=\"og:image\" content=\"https:\/\/img.emails.portesouvertes.fr\/im\/sh\/YI6DHWkVOk9X.jpg?u=bLfru2eiMfsd4didzUXdhiOCaKebYtsKswmP\" \/>\n<meta name=\"twitter:card\" content=\"summary_large_image\" \/>\n<meta name=\"twitter:label1\" content=\"Dur\u00e9e de lecture estim\u00e9e\" \/>\n\t<meta name=\"twitter:data1\" content=\"3 minutes\" \/>\n<script type=\"application\/ld+json\" class=\"yoast-schema-graph\">{\"@context\":\"https:\/\/schema.org\",\"@graph\":[{\"@type\":\"WebPage\",\"@id\":\"https:\/\/jesusestalaporte.fr\/index.php\/ressources\/leglise-persecutee\/\",\"url\":\"https:\/\/jesusestalaporte.fr\/index.php\/ressources\/leglise-persecutee\/\",\"name\":\"L'\u00c9glise pers\u00e9cut\u00e9e - J\u00e9sus est \u00e0 la porte\",\"isPartOf\":{\"@id\":\"https:\/\/jesusestalaporte.fr\/#website\"},\"datePublished\":\"2021-09-24T17:17:30+00:00\",\"dateModified\":\"2026-05-13T19:24:52+00:00\",\"breadcrumb\":{\"@id\":\"https:\/\/jesusestalaporte.fr\/index.php\/ressources\/leglise-persecutee\/#breadcrumb\"},\"inLanguage\":\"fr-FR\",\"potentialAction\":[{\"@type\":\"ReadAction\",\"target\":[\"https:\/\/jesusestalaporte.fr\/index.php\/ressources\/leglise-persecutee\/\"]}]},{\"@type\":\"BreadcrumbList\",\"@id\":\"https:\/\/jesusestalaporte.fr\/index.php\/ressources\/leglise-persecutee\/#breadcrumb\",\"itemListElement\":[{\"@type\":\"ListItem\",\"position\":1,\"name\":\"Accueil\",\"item\":\"https:\/\/jesusestalaporte.fr\/\"},{\"@type\":\"ListItem\",\"position\":2,\"name\":\"Ressources\",\"item\":\"https:\/\/jesusestalaporte.fr\/index.php\/ressources\/\"},{\"@type\":\"ListItem\",\"position\":3,\"name\":\"L&rsquo;\u00c9glise pers\u00e9cut\u00e9e\"}]},{\"@type\":\"WebSite\",\"@id\":\"https:\/\/jesusestalaporte.fr\/#website\",\"url\":\"https:\/\/jesusestalaporte.fr\/\",\"name\":\"J\u00e9sus est \u00e0 la porte\",\"description\":\"Le chemin La v\u00e9rit\u00e9 La vie\",\"potentialAction\":[{\"@type\":\"SearchAction\",\"target\":{\"@type\":\"EntryPoint\",\"urlTemplate\":\"https:\/\/jesusestalaporte.fr\/?s={search_term_string}\"},\"query-input\":\"required name=search_term_string\"}],\"inLanguage\":\"fr-FR\"}]}<\/script>\n<!-- \/ Yoast SEO plugin. -->","yoast_head_json":{"title":"L'\u00c9glise pers\u00e9cut\u00e9e - J\u00e9sus est \u00e0 la porte","robots":{"index":"index","follow":"follow","max-snippet":"max-snippet:-1","max-image-preview":"max-image-preview:large","max-video-preview":"max-video-preview:-1"},"canonical":"https:\/\/jesusestalaporte.fr\/index.php\/ressources\/leglise-persecutee\/","og_locale":"fr_FR","og_type":"article","og_title":"L'\u00c9glise pers\u00e9cut\u00e9e - J\u00e9sus est \u00e0 la porte","og_description":"Il y a un mois, Sabina a mis au monde un petit gar\u00e7on. Quelques jours plus tard, son mari l\u2019a quitt\u00e9e: il ne voulait pas rester mari\u00e9 \u00e0 une chr\u00e9tienne. Seule avec son b\u00e9b\u00e9, elle se trouve d\u00e9sormais dans une grande vuln\u00e9rabilit\u00e9. Sabina avait pourtant fait son possible pour pr\u00e9server son mariage. Elle a commenc\u00e9 [&hellip;]","og_url":"https:\/\/jesusestalaporte.fr\/index.php\/ressources\/leglise-persecutee\/","og_site_name":"J\u00e9sus est \u00e0 la porte","article_modified_time":"2026-05-13T19:24:52+00:00","og_image":[{"url":"https:\/\/img.emails.portesouvertes.fr\/im\/sh\/YI6DHWkVOk9X.jpg?u=bLfru2eiMfsd4didzUXdhiOCaKebYtsKswmP"}],"twitter_card":"summary_large_image","twitter_misc":{"Dur\u00e9e de lecture estim\u00e9e":"3 minutes"},"schema":{"@context":"https:\/\/schema.org","@graph":[{"@type":"WebPage","@id":"https:\/\/jesusestalaporte.fr\/index.php\/ressources\/leglise-persecutee\/","url":"https:\/\/jesusestalaporte.fr\/index.php\/ressources\/leglise-persecutee\/","name":"L'\u00c9glise pers\u00e9cut\u00e9e - J\u00e9sus est \u00e0 la porte","isPartOf":{"@id":"https:\/\/jesusestalaporte.fr\/#website"},"datePublished":"2021-09-24T17:17:30+00:00","dateModified":"2026-05-13T19:24:52+00:00","breadcrumb":{"@id":"https:\/\/jesusestalaporte.fr\/index.php\/ressources\/leglise-persecutee\/#breadcrumb"},"inLanguage":"fr-FR","potentialAction":[{"@type":"ReadAction","target":["https:\/\/jesusestalaporte.fr\/index.php\/ressources\/leglise-persecutee\/"]}]},{"@type":"BreadcrumbList","@id":"https:\/\/jesusestalaporte.fr\/index.php\/ressources\/leglise-persecutee\/#breadcrumb","itemListElement":[{"@type":"ListItem","position":1,"name":"Accueil","item":"https:\/\/jesusestalaporte.fr\/"},{"@type":"ListItem","position":2,"name":"Ressources","item":"https:\/\/jesusestalaporte.fr\/index.php\/ressources\/"},{"@type":"ListItem","position":3,"name":"L&rsquo;\u00c9glise pers\u00e9cut\u00e9e"}]},{"@type":"WebSite","@id":"https:\/\/jesusestalaporte.fr\/#website","url":"https:\/\/jesusestalaporte.fr\/","name":"J\u00e9sus est \u00e0 la porte","description":"Le chemin La v\u00e9rit\u00e9 La vie","potentialAction":[{"@type":"SearchAction","target":{"@type":"EntryPoint","urlTemplate":"https:\/\/jesusestalaporte.fr\/?s={search_term_string}"},"query-input":"required name=search_term_string"}],"inLanguage":"fr-FR"}]}},"_links":{"self":[{"href":"https:\/\/jesusestalaporte.fr\/index.php\/wp-json\/wp\/v2\/pages\/2929","targetHints":{"allow":["GET"]}}],"collection":[{"href":"https:\/\/jesusestalaporte.fr\/index.php\/wp-json\/wp\/v2\/pages"}],"about":[{"href":"https:\/\/jesusestalaporte.fr\/index.php\/wp-json\/wp\/v2\/types\/page"}],"author":[{"embeddable":true,"href":"https:\/\/jesusestalaporte.fr\/index.php\/wp-json\/wp\/v2\/users\/2"}],"replies":[{"embeddable":true,"href":"https:\/\/jesusestalaporte.fr\/index.php\/wp-json\/wp\/v2\/comments?post=2929"}],"version-history":[{"count":245,"href":"https:\/\/jesusestalaporte.fr\/index.php\/wp-json\/wp\/v2\/pages\/2929\/revisions"}],"predecessor-version":[{"id":6196,"href":"https:\/\/jesusestalaporte.fr\/index.php\/wp-json\/wp\/v2\/pages\/2929\/revisions\/6196"}],"up":[{"embeddable":true,"href":"https:\/\/jesusestalaporte.fr\/index.php\/wp-json\/wp\/v2\/pages\/2103"}],"wp:attachment":[{"href":"https:\/\/jesusestalaporte.fr\/index.php\/wp-json\/wp\/v2\/media?parent=2929"}],"curies":[{"name":"wp","href":"https:\/\/api.w.org\/{rel}","templated":true}]}}