{"id":2977,"date":"2021-09-26T04:59:10","date_gmt":"2021-09-26T04:59:10","guid":{"rendered":"https:\/\/jesusestalaporte.fr\/?page_id=2977"},"modified":"2025-09-09T08:06:20","modified_gmt":"2025-09-09T08:06:20","slug":"message-audio","status":"publish","type":"page","link":"https:\/\/jesusestalaporte.fr\/index.php\/ressources\/message-audio\/","title":{"rendered":"Messages audio"},"content":{"rendered":"\n<p class=\"has-text-color has-link-color wp-elements-825848a4e8998abf6793c83b66a26763\" style=\"color:#f40d0d\">Je vous souhaite une bonne \u00e9coute<\/p>\n\n\n\n\n\n<figure class=\"wp-block-audio\"><audio controls src=\"https:\/\/jesusestalaporte.fr\/wp-content\/uploads\/2025\/08\/Dimanche-31-08-2025-S.BRION_.mp3\"><\/audio><\/figure>\n\n\n<p>Le 31\/08\/2025. \u00c9largis l&rsquo;espace de ta tente, affermis tes pieux. St\u00e9phane Brion.<\/p>\n\n\n<figure class=\"wp-block-audio\"><audio controls src=\"https:\/\/jesusestalaporte.fr\/wp-content\/uploads\/2025\/08\/Mardi-26-08-2025-S.BRION_.mp3\"><\/audio><\/figure>\n\n\n<p>Le 26\/08\/2025. Femme ta foi est grande. St\u00e9phane Brion<\/p>\n\n\n<figure class=\"wp-block-audio\"><audio controls src=\"https:\/\/jesusestalaporte.fr\/wp-content\/uploads\/2025\/08\/Dimanche-24-08-2025-S.BRION_.mp3\"><\/audio><\/figure>\n\n\n<p>Le 24\/08\/2025. Allonge tes cordages jusqu&rsquo;\u00e0 la victoire. St\u00e9phane Brion<\/p>\n\n\n<figure class=\"wp-block-audio\"><audio controls src=\"https:\/\/jesusestalaporte.fr\/wp-content\/uploads\/2025\/08\/Mardi-05-08-2025-S.BRION_.mp3\"><\/audio><\/figure>\n\n\n<p>Le 19\/08\/2025. Allonge ton cordage de foi. St\u00e9phane Brion<\/p>\n\n\n<figure class=\"wp-block-audio\"><audio controls src=\"https:\/\/jesusestalaporte.fr\/wp-content\/uploads\/2025\/08\/Dimanche-17-08-2025-S.BRION_.mp3\"><\/audio><\/figure>\n\n\n<p>Le 17\/08\/2025. Fais moi plus de place, allonges tes cordages. St\u00e9phane Brion.<\/p>\n\n\n<figure class=\"wp-block-audio\"><audio controls src=\"https:\/\/jesusestalaporte.fr\/wp-content\/uploads\/2025\/08\/Mardi-12-08-2025-S.BRION_.mp3\"><\/audio><\/figure>\n\n\n<p>Le 12\/08\/2025. Dieu restaure mon \u00e2me (3) Ne retiens pas ta louange. St\u00e9phane Brion.<\/p>\n\n\n<figure class=\"wp-block-audio\"><audio controls src=\"https:\/\/jesusestalaporte.fr\/wp-content\/uploads\/2025\/08\/Dimanche-10-08-2025-S.BRION_.mp3\"><\/audio><\/figure>\n\n\n<p>Le10\/08\/2025. Dieu restaure mon \u00e2me (2) Ne retiens pas; le prix du pardon; le prix d&rsquo;une cons\u00e9cration totale. par St\u00e9phane Brion.<\/p>\n\n\n<figure class=\"wp-block-audio\"><audio controls src=\"https:\/\/jesusestalaporte.fr\/wp-content\/uploads\/2025\/08\/Dimanche-03-08-2025-S.BRION_.mp3\"><\/audio><\/figure>\n\n\n<p>Le 03\/08\/2025. Le plan de Dieu pour la restauration. St\u00e9phane Brion.<\/p>\n\n\n<figure class=\"wp-block-audio\"><audio controls src=\"https:\/\/jesusestalaporte.fr\/wp-content\/uploads\/2025\/07\/Psaumes-73.Marcel-Fontana.29.07.25.mp3\"><\/audio><\/figure>\n\n\n<p>Le 29\/07\/2025. La difficult\u00e9 fut grande jusqu&rsquo;\u00e0 !!! Marcel Fontana.<\/p>","protected":false},"excerpt":{"rendered":"<p>Je vous souhaite une bonne \u00e9coute Le 31\/08\/2025. \u00c9largis l&rsquo;espace de ta tente, affermis tes pieux. St\u00e9phane Brion. Le 26\/08\/2025. Femme ta foi est grande. St\u00e9phane Brion Le 24\/08\/2025. Allonge tes cordages jusqu&rsquo;\u00e0 la victoire. St\u00e9phane Brion Le 19\/08\/2025. Allonge ton cordage de foi. St\u00e9phane Brion Le 17\/08\/2025. Fais moi plus de place, allonges tes [&hellip;]<\/p>\n","protected":false},"author":2,"featured_media":0,"parent":2103,"menu_order":2,"comment_status":"closed","ping_status":"closed","template":"","meta":{"footnotes":""},"class_list":["post-2977","page","type-page","status-publish","hentry"],"yoast_head":"<!-- This site is optimized with the Yoast SEO plugin v22.0 - https:\/\/yoast.com\/wordpress\/plugins\/seo\/ -->\n<title>Le 05\/07\/2022 Obtenir la faveur de Dieu. David Deboeve % Messages audio - J\u00e9sus est \u00e0 la porte<\/title>\n<meta name=\"robots\" content=\"index, follow, max-snippet:-1, max-image-preview:large, max-video-preview:-1\" \/>\n<link rel=\"canonical\" href=\"https:\/\/jesusestalaporte.fr\/index.php\/ressources\/message-audio\/\" \/>\n<meta property=\"og:locale\" content=\"fr_FR\" \/>\n<meta property=\"og:type\" content=\"article\" \/>\n<meta property=\"og:title\" content=\"Le 05\/07\/2022 Obtenir la faveur de Dieu. David Deboeve % Messages audio - J\u00e9sus est \u00e0 la porte\" \/>\n<meta property=\"og:description\" content=\"Je vous souhaite une bonne \u00e9coute Le 31\/08\/2025. \u00c9largis l&rsquo;espace de ta tente, affermis tes pieux. St\u00e9phane Brion. Le 26\/08\/2025. Femme ta foi est grande. St\u00e9phane Brion Le 24\/08\/2025. Allonge tes cordages jusqu&rsquo;\u00e0 la victoire. St\u00e9phane Brion Le 19\/08\/2025. Allonge ton cordage de foi. St\u00e9phane Brion Le 17\/08\/2025. Fais moi plus de place, allonges tes [&hellip;]\" \/>\n<meta property=\"og:url\" content=\"https:\/\/jesusestalaporte.fr\/index.php\/ressources\/message-audio\/\" \/>\n<meta property=\"og:site_name\" content=\"J\u00e9sus est \u00e0 la porte\" \/>\n<meta property=\"article:modified_time\" content=\"2025-09-09T08:06:20+00:00\" \/>\n<meta name=\"twitter:card\" content=\"summary_large_image\" \/>\n<meta name=\"twitter:label1\" content=\"Dur\u00e9e de lecture estim\u00e9e\" \/>\n\t<meta name=\"twitter:data1\" content=\"1 minute\" \/>\n<script type=\"application\/ld+json\" class=\"yoast-schema-graph\">{\"@context\":\"https:\/\/schema.org\",\"@graph\":[{\"@type\":\"WebPage\",\"@id\":\"https:\/\/jesusestalaporte.fr\/index.php\/ressources\/message-audio\/\",\"url\":\"https:\/\/jesusestalaporte.fr\/index.php\/ressources\/message-audio\/\",\"name\":\"Le 05\/07\/2022 Obtenir la faveur de Dieu. David Deboeve % Messages audio - J\u00e9sus est \u00e0 la porte\",\"isPartOf\":{\"@id\":\"https:\/\/jesusestalaporte.fr\/#website\"},\"datePublished\":\"2021-09-26T04:59:10+00:00\",\"dateModified\":\"2025-09-09T08:06:20+00:00\",\"breadcrumb\":{\"@id\":\"https:\/\/jesusestalaporte.fr\/index.php\/ressources\/message-audio\/#breadcrumb\"},\"inLanguage\":\"fr-FR\",\"potentialAction\":[{\"@type\":\"ReadAction\",\"target\":[\"https:\/\/jesusestalaporte.fr\/index.php\/ressources\/message-audio\/\"]}]},{\"@type\":\"BreadcrumbList\",\"@id\":\"https:\/\/jesusestalaporte.fr\/index.php\/ressources\/message-audio\/#breadcrumb\",\"itemListElement\":[{\"@type\":\"ListItem\",\"position\":1,\"name\":\"Accueil\",\"item\":\"https:\/\/jesusestalaporte.fr\/\"},{\"@type\":\"ListItem\",\"position\":2,\"name\":\"Ressources\",\"item\":\"https:\/\/jesusestalaporte.fr\/index.php\/ressources\/\"},{\"@type\":\"ListItem\",\"position\":3,\"name\":\"Messages audio\"}]},{\"@type\":\"WebSite\",\"@id\":\"https:\/\/jesusestalaporte.fr\/#website\",\"url\":\"https:\/\/jesusestalaporte.fr\/\",\"name\":\"J\u00e9sus est \u00e0 la porte\",\"description\":\"Le chemin La v\u00e9rit\u00e9 La vie\",\"potentialAction\":[{\"@type\":\"SearchAction\",\"target\":{\"@type\":\"EntryPoint\",\"urlTemplate\":\"https:\/\/jesusestalaporte.fr\/?s={search_term_string}\"},\"query-input\":\"required name=search_term_string\"}],\"inLanguage\":\"fr-FR\"}]}<\/script>\n<!-- \/ Yoast SEO plugin. -->","yoast_head_json":{"title":"Le 05\/07\/2022 Obtenir la faveur de Dieu. David Deboeve % Messages audio - J\u00e9sus est \u00e0 la porte","robots":{"index":"index","follow":"follow","max-snippet":"max-snippet:-1","max-image-preview":"max-image-preview:large","max-video-preview":"max-video-preview:-1"},"canonical":"https:\/\/jesusestalaporte.fr\/index.php\/ressources\/message-audio\/","og_locale":"fr_FR","og_type":"article","og_title":"Le 05\/07\/2022 Obtenir la faveur de Dieu. David Deboeve % Messages audio - J\u00e9sus est \u00e0 la porte","og_description":"Je vous souhaite une bonne \u00e9coute Le 31\/08\/2025. \u00c9largis l&rsquo;espace de ta tente, affermis tes pieux. St\u00e9phane Brion. Le 26\/08\/2025. Femme ta foi est grande. St\u00e9phane Brion Le 24\/08\/2025. Allonge tes cordages jusqu&rsquo;\u00e0 la victoire. St\u00e9phane Brion Le 19\/08\/2025. Allonge ton cordage de foi. St\u00e9phane Brion Le 17\/08\/2025. Fais moi plus de place, allonges tes [&hellip;]","og_url":"https:\/\/jesusestalaporte.fr\/index.php\/ressources\/message-audio\/","og_site_name":"J\u00e9sus est \u00e0 la porte","article_modified_time":"2025-09-09T08:06:20+00:00","twitter_card":"summary_large_image","twitter_misc":{"Dur\u00e9e de lecture estim\u00e9e":"1 minute"},"schema":{"@context":"https:\/\/schema.org","@graph":[{"@type":"WebPage","@id":"https:\/\/jesusestalaporte.fr\/index.php\/ressources\/message-audio\/","url":"https:\/\/jesusestalaporte.fr\/index.php\/ressources\/message-audio\/","name":"Le 05\/07\/2022 Obtenir la faveur de Dieu. David Deboeve % Messages audio - J\u00e9sus est \u00e0 la porte","isPartOf":{"@id":"https:\/\/jesusestalaporte.fr\/#website"},"datePublished":"2021-09-26T04:59:10+00:00","dateModified":"2025-09-09T08:06:20+00:00","breadcrumb":{"@id":"https:\/\/jesusestalaporte.fr\/index.php\/ressources\/message-audio\/#breadcrumb"},"inLanguage":"fr-FR","potentialAction":[{"@type":"ReadAction","target":["https:\/\/jesusestalaporte.fr\/index.php\/ressources\/message-audio\/"]}]},{"@type":"BreadcrumbList","@id":"https:\/\/jesusestalaporte.fr\/index.php\/ressources\/message-audio\/#breadcrumb","itemListElement":[{"@type":"ListItem","position":1,"name":"Accueil","item":"https:\/\/jesusestalaporte.fr\/"},{"@type":"ListItem","position":2,"name":"Ressources","item":"https:\/\/jesusestalaporte.fr\/index.php\/ressources\/"},{"@type":"ListItem","position":3,"name":"Messages audio"}]},{"@type":"WebSite","@id":"https:\/\/jesusestalaporte.fr\/#website","url":"https:\/\/jesusestalaporte.fr\/","name":"J\u00e9sus est \u00e0 la porte","description":"Le chemin La v\u00e9rit\u00e9 La vie","potentialAction":[{"@type":"SearchAction","target":{"@type":"EntryPoint","urlTemplate":"https:\/\/jesusestalaporte.fr\/?s={search_term_string}"},"query-input":"required name=search_term_string"}],"inLanguage":"fr-FR"}]}},"_links":{"self":[{"href":"https:\/\/jesusestalaporte.fr\/index.php\/wp-json\/wp\/v2\/pages\/2977","targetHints":{"allow":["GET"]}}],"collection":[{"href":"https:\/\/jesusestalaporte.fr\/index.php\/wp-json\/wp\/v2\/pages"}],"about":[{"href":"https:\/\/jesusestalaporte.fr\/index.php\/wp-json\/wp\/v2\/types\/page"}],"author":[{"embeddable":true,"href":"https:\/\/jesusestalaporte.fr\/index.php\/wp-json\/wp\/v2\/users\/2"}],"replies":[{"embeddable":true,"href":"https:\/\/jesusestalaporte.fr\/index.php\/wp-json\/wp\/v2\/comments?post=2977"}],"version-history":[{"count":442,"href":"https:\/\/jesusestalaporte.fr\/index.php\/wp-json\/wp\/v2\/pages\/2977\/revisions"}],"predecessor-version":[{"id":6039,"href":"https:\/\/jesusestalaporte.fr\/index.php\/wp-json\/wp\/v2\/pages\/2977\/revisions\/6039"}],"up":[{"embeddable":true,"href":"https:\/\/jesusestalaporte.fr\/index.php\/wp-json\/wp\/v2\/pages\/2103"}],"wp:attachment":[{"href":"https:\/\/jesusestalaporte.fr\/index.php\/wp-json\/wp\/v2\/media?parent=2977"}],"curies":[{"name":"wp","href":"https:\/\/api.w.org\/{rel}","templated":true}]}}