{"id":796,"date":"2016-07-04T19:24:14","date_gmt":"2016-07-04T19:24:14","guid":{"rendered":"http:\/\/import.imithemes.com\/nativechurch\/?page_id=796"},"modified":"2024-09-15T16:50:10","modified_gmt":"2024-09-15T16:50:10","slug":"home-page-builder","status":"publish","type":"page","link":"https:\/\/jesusestalaporte.fr\/","title":{"rendered":"Accueil &#8211;"},"content":{"rendered":"<div id=\"pl-796\" class=\"panel-layout\">\n<div id=\"pg-796-0\" class=\"panel-grid panel-has-style\" data-style=\"{&quot;class&quot;:&quot;accent-bg&quot;,&quot;padding&quot;:&quot;40px&quot;,&quot;background_display&quot;:&quot;tile&quot;,&quot;row_stretch&quot;:&quot;full&quot;}\">\n<div class=\"accent-bg siteorigin-panels-stretch panel-row-style panel-row-style-for-796-0\" style=\"margin-left: -254px; margin-right: -254px; padding-left: 254px; padding-right: 254px; border-left: 0px; border-right: 0px;\" data-stretch-type=\"full\">\n<div id=\"pgc-796-0-0\" class=\"panel-grid-cell panel-grid-cell-mobile-last\" data-weight=\"0.333056017748\">\n<div id=\"panel-796-0-0-0\" class=\"so-panel widget widget_siteorigin-panels-builder panel-first-child panel-last-child\" data-index=\"0\" data-style=\"{&quot;background_image_attachment&quot;:false,&quot;background_display&quot;:&quot;tile&quot;}\">\n<div id=\"pl-w60b72fbea55d9\" class=\"panel-layout\">\n<div id=\"pg-w60b72fbea55d9-0\" class=\"panel-grid panel-no-style\">\n<div id=\"pgc-w60b72fbea55d9-0-0\" class=\"panel-grid-cell\" data-weight=\"1\">\n<div id=\"panel-w60b72fbea55d9-0-0-0\" class=\"so-panel widget widget_black-studio-tinymce widget_black_studio_tinymce panel-first-child panel-last-child\" data-index=\"0\" data-style=\"{&quot;background_image_attachment&quot;:false,&quot;background_display&quot;:&quot;tile&quot;}\">\n<h3 class=\"widget-title\">BONJOUR A TOUS LES VISITEURS DE CE SITE<\/h3>\n<p><strong>Pour acc\u00e9der \u00e0 toutes les pages de <em>ressource<\/em>, cliquer sur la petite fl\u00e8che \u00e0 l&rsquo;extr\u00e8me droite de \u00ab\u00a0ressource\u00a0\u00bb<\/strong><\/p>\n<div class=\"textwidget\">\n<h3 class=\"widget-title\" style=\"text-align: center;\">\u00a0<\/h3>\n<h4 class=\"textwidget\"><strong>Merci d&rsquo;\u00eatre venu visiter mon site et merci de le parcourir afin d&rsquo;\u00eatre enrichi de quelques richesses que contient ce site . <\/strong> <strong>Que Dieu\u00a0 vous b\u00e9nisse dans votre recherche de la v\u00e9rit\u00e9 et de l&rsquo;Amour de Dieu. Que son Esprit Saint vous conduise et vous am\u00e8ne \u00e0 r\u00e9aliser le grand Amour de Dieu manifest\u00e9 en J\u00e9sus Christ mort sur la croix pour votre salut et le mien. Qu&rsquo;il vous soutienne dans vos combats,vos recherche de la v\u00e9rit\u00e9 jusqu&rsquo;\u00e0 obtenir la couronne de gloire que Dieu r\u00e9serve \u00e0 tous ceux qui l&rsquo;aime et font sa volont\u00e9. Je vous souhaite une bonne lecture, une bonne \u00e9coute des messages et que Dieu vous b\u00e9nisse pleinement. Votre serviteur\u00a0\u00a0\u00a0\u00a0\u00a0\u00a0\u00a0\u00a0\u00a0\u00a0\u00a0 Polito<\/strong>.<strong>Albert <\/strong><\/h4>\n<\/div>\n<\/div>\n<\/div>\n<\/div>\n<\/div>\n<\/div>\n<\/div>\n<div id=\"pgc-796-0-1\" class=\"panel-grid-cell panel-grid-cell-empty\" data-weight=\"0.666943982252\">\u00a0<\/div>\n<\/div>\n<\/div>\n<\/div>\n\n\n<p><\/p>\n\n\n<p><head><!-- Google tag (gtag.js) --><br \/>\n<script async src=\"https:\/\/www.googletagmanager.com\/gtag\/js?id=G-GNZ7CMNPZT\"><\/script><br \/>\n<script><br \/>\n  window.dataLayer = window.dataLayer || [];<br \/>\n  function gtag(){dataLayer.push(arguments);}<br \/>\n  gtag('js', new Date());<\/p>\n<p>  gtag('config', 'G-GNZ7CMNPZT');<br \/>\n<\/script><\/p>","protected":false},"excerpt":{"rendered":"<p>BONJOUR A TOUS LES VISITEURS DE CE SITE Pour acc\u00e9der \u00e0 toutes les pages de ressource, cliquer sur la petite fl\u00e8che \u00e0 l&rsquo;extr\u00e8me droite de \u00ab\u00a0ressource\u00a0\u00bb \u00a0 Merci d&rsquo;\u00eatre venu visiter mon site et merci de le parcourir afin d&rsquo;\u00eatre enrichi de quelques richesses que contient ce site . Que Dieu\u00a0 vous b\u00e9nisse dans votre [&hellip;]<\/p>\n","protected":false},"author":2,"featured_media":0,"parent":0,"menu_order":0,"comment_status":"closed","ping_status":"closed","template":"template-home-pb.php","meta":{"footnotes":""},"class_list":["post-796","page","type-page","status-publish","hentry"],"yoast_head":"<!-- This site is optimized with the Yoast SEO plugin v22.0 - https:\/\/yoast.com\/wordpress\/plugins\/seo\/ -->\n<title>Accueil - J\u00e9sus est \u00e0 la porte % %<\/title>\n<meta name=\"description\" content=\"%\" \/>\n<meta name=\"robots\" content=\"index, follow, max-snippet:-1, max-image-preview:large, max-video-preview:-1\" \/>\n<link rel=\"canonical\" href=\"https:\/\/jesusestalaporte.fr\/\" \/>\n<meta property=\"og:locale\" content=\"fr_FR\" \/>\n<meta property=\"og:type\" content=\"article\" \/>\n<meta property=\"og:title\" content=\"Accueil - J\u00e9sus est \u00e0 la porte % %\" \/>\n<meta property=\"og:description\" content=\"%\" \/>\n<meta property=\"og:url\" content=\"https:\/\/jesusestalaporte.fr\/\" \/>\n<meta property=\"og:site_name\" content=\"J\u00e9sus est \u00e0 la porte\" \/>\n<meta property=\"article:modified_time\" content=\"2024-09-15T16:50:10+00:00\" \/>\n<meta name=\"twitter:card\" content=\"summary_large_image\" \/>\n<meta name=\"twitter:label1\" content=\"Dur\u00e9e de lecture estim\u00e9e\" \/>\n\t<meta name=\"twitter:data1\" content=\"1 minute\" \/>\n<script type=\"application\/ld+json\" class=\"yoast-schema-graph\">{\"@context\":\"https:\/\/schema.org\",\"@graph\":[{\"@type\":\"WebPage\",\"@id\":\"https:\/\/jesusestalaporte.fr\/\",\"url\":\"https:\/\/jesusestalaporte.fr\/\",\"name\":\"Accueil - J\u00e9sus est \u00e0 la porte % %\",\"isPartOf\":{\"@id\":\"https:\/\/jesusestalaporte.fr\/#website\"},\"datePublished\":\"2016-07-04T19:24:14+00:00\",\"dateModified\":\"2024-09-15T16:50:10+00:00\",\"description\":\"%\",\"breadcrumb\":{\"@id\":\"https:\/\/jesusestalaporte.fr\/#breadcrumb\"},\"inLanguage\":\"fr-FR\",\"potentialAction\":[{\"@type\":\"ReadAction\",\"target\":[\"https:\/\/jesusestalaporte.fr\/\"]}]},{\"@type\":\"BreadcrumbList\",\"@id\":\"https:\/\/jesusestalaporte.fr\/#breadcrumb\",\"itemListElement\":[{\"@type\":\"ListItem\",\"position\":1,\"name\":\"Accueil\",\"item\":\"https:\/\/jesusestalaporte.fr\/\"},{\"@type\":\"ListItem\",\"position\":2,\"name\":\"Accueil &#8211;\"}]},{\"@type\":\"WebSite\",\"@id\":\"https:\/\/jesusestalaporte.fr\/#website\",\"url\":\"https:\/\/jesusestalaporte.fr\/\",\"name\":\"J\u00e9sus est \u00e0 la porte\",\"description\":\"Le chemin La v\u00e9rit\u00e9 La vie\",\"potentialAction\":[{\"@type\":\"SearchAction\",\"target\":{\"@type\":\"EntryPoint\",\"urlTemplate\":\"https:\/\/jesusestalaporte.fr\/?s={search_term_string}\"},\"query-input\":\"required name=search_term_string\"}],\"inLanguage\":\"fr-FR\"}]}<\/script>\n<!-- \/ Yoast SEO plugin. -->","yoast_head_json":{"title":"Accueil - J\u00e9sus est \u00e0 la porte % %","description":"%","robots":{"index":"index","follow":"follow","max-snippet":"max-snippet:-1","max-image-preview":"max-image-preview:large","max-video-preview":"max-video-preview:-1"},"canonical":"https:\/\/jesusestalaporte.fr\/","og_locale":"fr_FR","og_type":"article","og_title":"Accueil - J\u00e9sus est \u00e0 la porte % %","og_description":"%","og_url":"https:\/\/jesusestalaporte.fr\/","og_site_name":"J\u00e9sus est \u00e0 la porte","article_modified_time":"2024-09-15T16:50:10+00:00","twitter_card":"summary_large_image","twitter_misc":{"Dur\u00e9e de lecture estim\u00e9e":"1 minute"},"schema":{"@context":"https:\/\/schema.org","@graph":[{"@type":"WebPage","@id":"https:\/\/jesusestalaporte.fr\/","url":"https:\/\/jesusestalaporte.fr\/","name":"Accueil - J\u00e9sus est \u00e0 la porte % %","isPartOf":{"@id":"https:\/\/jesusestalaporte.fr\/#website"},"datePublished":"2016-07-04T19:24:14+00:00","dateModified":"2024-09-15T16:50:10+00:00","description":"%","breadcrumb":{"@id":"https:\/\/jesusestalaporte.fr\/#breadcrumb"},"inLanguage":"fr-FR","potentialAction":[{"@type":"ReadAction","target":["https:\/\/jesusestalaporte.fr\/"]}]},{"@type":"BreadcrumbList","@id":"https:\/\/jesusestalaporte.fr\/#breadcrumb","itemListElement":[{"@type":"ListItem","position":1,"name":"Accueil","item":"https:\/\/jesusestalaporte.fr\/"},{"@type":"ListItem","position":2,"name":"Accueil &#8211;"}]},{"@type":"WebSite","@id":"https:\/\/jesusestalaporte.fr\/#website","url":"https:\/\/jesusestalaporte.fr\/","name":"J\u00e9sus est \u00e0 la porte","description":"Le chemin La v\u00e9rit\u00e9 La vie","potentialAction":[{"@type":"SearchAction","target":{"@type":"EntryPoint","urlTemplate":"https:\/\/jesusestalaporte.fr\/?s={search_term_string}"},"query-input":"required name=search_term_string"}],"inLanguage":"fr-FR"}]}},"_links":{"self":[{"href":"https:\/\/jesusestalaporte.fr\/index.php\/wp-json\/wp\/v2\/pages\/796","targetHints":{"allow":["GET"]}}],"collection":[{"href":"https:\/\/jesusestalaporte.fr\/index.php\/wp-json\/wp\/v2\/pages"}],"about":[{"href":"https:\/\/jesusestalaporte.fr\/index.php\/wp-json\/wp\/v2\/types\/page"}],"author":[{"embeddable":true,"href":"https:\/\/jesusestalaporte.fr\/index.php\/wp-json\/wp\/v2\/users\/2"}],"replies":[{"embeddable":true,"href":"https:\/\/jesusestalaporte.fr\/index.php\/wp-json\/wp\/v2\/comments?post=796"}],"version-history":[{"count":29,"href":"https:\/\/jesusestalaporte.fr\/index.php\/wp-json\/wp\/v2\/pages\/796\/revisions"}],"predecessor-version":[{"id":5432,"href":"https:\/\/jesusestalaporte.fr\/index.php\/wp-json\/wp\/v2\/pages\/796\/revisions\/5432"}],"wp:attachment":[{"href":"https:\/\/jesusestalaporte.fr\/index.php\/wp-json\/wp\/v2\/media?parent=796"}],"curies":[{"name":"wp","href":"https:\/\/api.w.org\/{rel}","templated":true}]}}